{"id":987,"date":"2019-11-20T15:46:03","date_gmt":"2019-11-20T14:46:03","guid":{"rendered":"https:\/\/vrioeurope.com\/polityka-plikow-cookie\/"},"modified":"2025-09-12T08:37:33","modified_gmt":"2025-09-12T06:37:33","slug":"polityka-plikow-cookie","status":"publish","type":"page","link":"https:\/\/vrioeurope.com\/pl\/polityka-plikow-cookie\/","title":{"rendered":"Polityka plik\u00f3w cookie"},"content":{"rendered":"\n<style type=\"text\/css\" data-created_by=\"avia_inline_auto\" id=\"style-css-av-3irf-65a804b708f0cf45a24c090fef8c2ed8\">\n#top .av-special-heading.av-3irf-65a804b708f0cf45a24c090fef8c2ed8{\npadding-bottom:10px;\n}\nbody .av-special-heading.av-3irf-65a804b708f0cf45a24c090fef8c2ed8 .av-special-heading-tag .heading-char{\nfont-size:25px;\n}\n.av-special-heading.av-3irf-65a804b708f0cf45a24c090fef8c2ed8 .av-subheading{\nfont-size:15px;\n}\n<\/style>\n<div  class='av-special-heading av-3irf-65a804b708f0cf45a24c090fef8c2ed8 av-special-heading-h1 blockquote modern-quote  avia-builder-el-0  el_before_av_textblock  avia-builder-el-first '><h1 class='av-special-heading-tag '  itemprop=\"headline\"  >Polityka plik\u00f3w cookie<\/h1><div class=\"special-heading-border\"><div class=\"special-heading-inner-border\"><\/div><\/div><\/div>\n<section  class='av_textblock_section av-k2weu40x-96defd8479c7634df5fe86b2762c50b3 '   itemscope=\"itemscope\" itemtype=\"https:\/\/schema.org\/CreativeWork\" ><div class='avia_textblock'  itemprop=\"text\" ><h2>DEFINICJA i og\u00f3lna funkcja PLIK\u00d3W COOKIE<\/h2>\n<p>Pliki cookie to identyfikatory, kt\u00f3re wysy\u0142amy na dysk twardy Twojego komputera za po\u015brednictwem przegl\u0105darki internetowej, aby nasze systemy mog\u0142y rozpozna\u0107 Twoj\u0105 przegl\u0105dark\u0119 i \u015bwiadczy\u0107 okre\u015blone us\u0142ugi.<\/p>\n<p>Og\u00f3lnie rzecz bior\u0105c, technologie te mog\u0105 s\u0142u\u017cy\u0107 bardzo r\u00f3\u017cnym celom, na przyk\u0142ad rozpoznawaniu u\u017cytkownika, uzyskiwaniu informacji o jego nawykach przegl\u0105dania lub personalizacji sposobu wy\u015bwietlania tre\u015bci.<\/p>\n<p>Ta strona u\u017cywa r\u00f3\u017cnych rodzaj\u00f3w plik\u00f3w cookie. Niekt\u00f3re pliki cookie s\u0105 umieszczane przez us\u0142ugi stron trzecich, kt\u00f3re pojawiaj\u0105 si\u0119 na naszych stronach. W niekt\u00f3rych przypadkach, korzystaj\u0105c z wyszukiwarki Google, mog\u0142e\u015b zaakceptowa\u0107 ich w\u0142asne pliki cookie. Te pliki cookie Google s\u0105 instalowane nawet wtedy, gdy nie zaakceptowa\u0142e\u015b naszych w\u0142asnych i\/lub plik\u00f3w cookie stron trzecich.<\/p>\n<p>Poni\u017cej wskazujemy pliki cookie u\u017cywane przez stron\u0119 <a href=\"https:\/\/vrioeurope.com\/pl\/\">https:\/\/vrioeurope.com\/<\/a><\/p>\n<h2>U\u017bYWANE PLIKI COOKIE<\/h2>\n<h3>Niezb\u0119dne pliki cookie<\/h3>\n<p>Niezb\u0119dne pliki cookie pomagaj\u0105 uczyni\u0107 witryn\u0119 u\u017cyteczn\u0105, umo\u017cliwiaj\u0105c podstawowe funkcje, takie jak nawigacja po stronie i dost\u0119p do bezpiecznych obszar\u00f3w witryny. Strona internetowa nie mo\u017ce dzia\u0142a\u0107 prawid\u0142owo bez tych plik\u00f3w cookie.<\/p>\n<div class=\"table-responsive\">\n<table>\n<tbody>\n<tr>\n<td width=\"197\"><strong>Nazwa<\/strong><\/td>\n<td><strong>Dostawca<\/strong><\/td>\n<td width=\"318\"><strong>Cel<\/strong><\/td>\n<td width=\"113\"><strong>Wyga\u015bni\u0119cie<\/strong><\/td>\n<\/tr>\n<tr>\n<td width=\"197\">AEC<\/td>\n<td>google.com<\/td>\n<td width=\"318\">Zapewnia, \u017ce \u017c\u0105dania w trakcie sesji s\u0105 wykonywane przez u\u017cytkownika, a nie przez boty.<\/td>\n<td width=\"113\">6 miesi\u0119cy<\/td>\n<\/tr>\n<tr>\n<td width=\"197\">__Secure-ENID<\/td>\n<td>google.com<\/td>\n<td width=\"318\">Bezpiecze\u0144stwo: zapobiega oszuka\u0144czemu u\u017cyciu danych logowania.<\/td>\n<td width=\"113\">2 lata<\/td>\n<\/tr>\n<tr>\n<td width=\"197\">_GRECAPTCHA<\/td>\n<td>google.com<\/td>\n<td width=\"318\">Ochrona przed botami (Google reCAPTCHA).<\/td>\n<td width=\"113\">6 miesi\u0119cy<\/td>\n<\/tr>\n<tr>\n<td width=\"197\">wordpress_test_cookie<\/td>\n<td>vrioeurope.com<\/td>\n<td width=\"318\">Sprawdza, czy przegl\u0105darka akceptuje pliki cookie.<\/td>\n<td width=\"113\">Sesja<\/td>\n<\/tr>\n<tr>\n<td width=\"197\">wordpress_*<\/td>\n<td>vrioeurope.com<\/td>\n<td width=\"318\">Utrzymuje sesj\u0119 u\u017cytkownika w WordPress.<\/td>\n<td width=\"113\">Sesja<\/td>\n<\/tr>\n<tr>\n<td width=\"197\">wordpress_logged_in_*<\/td>\n<td>vrioeurope.com<\/td>\n<td width=\"318\">Identyfikuje zalogowanego u\u017cytkownika.<\/td>\n<td width=\"113\">Sesja<\/td>\n<\/tr>\n<tr>\n<td width=\"197\">wfwaf-authcookie*<\/td>\n<td>vrioeurope.com<\/td>\n<td width=\"318\">Bezpiecze\u0144stwo zapory Wordfence.<\/td>\n<td width=\"113\">Sesja<\/td>\n<\/tr>\n<tr>\n<td width=\"197\">cmplz_* (banner-status, functional, statistics, preferences, marketing, policy_id, consented_services)<\/td>\n<td>vrioeurope.com<\/td>\n<td width=\"318\">Zarz\u0105dza zgod\u0105 i polityk\u0105 plik\u00f3w cookie.<\/td>\n<td width=\"113\">oko\u0142o 1 rok<\/td>\n<\/tr>\n<tr>\n<td width=\"197\">aviaCookieConsent<\/td>\n<td>vrioeurope.com<\/td>\n<td width=\"318\">Zapisuje zgod\u0119 w motywie Avia.<\/td>\n<td width=\"113\">Trwa\u0142e<\/td>\n<\/tr>\n<tr>\n<td width=\"197\">aviaPrivacyEssentialCookiesEnabled<\/td>\n<td>vrioeurope.com<\/td>\n<td width=\"318\">Rejestruje podstawowe preferencje prywatno\u015bci.<\/td>\n<td width=\"113\">Trwa\u0142e<\/td>\n<\/tr>\n<tr>\n<td width=\"197\">rc::a \/ rc::b \/ rc::c<\/td>\n<td>google.com<\/td>\n<td width=\"318\">Bezpiecze\u0144stwo, walidacja bot\u00f3w.<\/td>\n<td width=\"113\">Sesja\/Trwa\u0142e<\/td>\n<\/tr>\n<\/tbody>\n<\/table>\n<\/div>\n<h3>Pliki cookie preferencji<\/h3>\n<p>Pliki cookie preferencji pozwalaj\u0105 stronie internetowej zapami\u0119tywa\u0107 informacje, kt\u00f3re zmieniaj\u0105 spos\u00f3b, w jaki strona si\u0119 zachowuje lub wygl\u0105da, takie jak preferowany j\u0119zyk czy region, w kt\u00f3rym si\u0119 znajdujesz.<\/p>\n<div class=\"table-responsive\">\n<table>\n<tbody>\n<tr>\n<td><strong>Nazwa<\/strong><\/td>\n<td><strong>Dostawca<\/strong><\/td>\n<td><strong>Cel<\/strong><\/td>\n<td><strong>Wyga\u015bni\u0119cie<\/strong><\/td>\n<\/tr>\n<tr>\n<td>wp-wpml_current_language<\/td>\n<td>vrioeurope.com<\/td>\n<td>Zapisuje j\u0119zyk przegl\u0105dania.<\/td>\n<td>Trwa\u0142e<\/td>\n<\/tr>\n<tr>\n<td>wp-wpml_current_admin_language_*<\/td>\n<td>vrioeurope.com<\/td>\n<td>J\u0119zyk administratora.<\/td>\n<td>Trwa\u0142e<\/td>\n<\/tr>\n<tr>\n<td>wp-settings-*<\/td>\n<td>vrioeurope.com<\/td>\n<td>Dostosowuje widok panelu administracyjnego.<\/td>\n<td>1 rok<\/td>\n<\/tr>\n<tr>\n<td>wp-settings-time-*<\/td>\n<td>vrioeurope.com<\/td>\n<td>Zapisuje stref\u0119 czasow\u0105 administratora.<\/td>\n<td>1 rok<\/td>\n<\/tr>\n<tr>\n<td>wa_lang_pref<\/td>\n<td>WhatsApp<\/td>\n<td>Preferencja j\u0119zykowa w wid\u017cecie WhatsApp.<\/td>\n<td>Trwa\u0142e<\/td>\n<\/tr>\n<tr>\n<td>wa_ul<\/td>\n<td>WhatsApp<\/td>\n<td>Ustawienia sesji i preferencje WhatsApp.<\/td>\n<td>Sesja<\/td>\n<\/tr>\n<\/tbody>\n<\/table>\n<\/div>\n<h3>Pliki cookie statystyczne<\/h3>\n<p>Pliki cookie statystyczne pomagaj\u0105 w\u0142a\u015bcicielom stron zrozumie\u0107, jak odwiedzaj\u0105cy wchodz\u0105 w interakcj\u0119 ze stronami, gromadz\u0105c i udost\u0119pniaj\u0105c informacje anonimowo.<\/p>\n<p>Aby wy\u0142\u0105czy\u0107 pliki cookie Google Analytics, mo\u017cesz zainstalowa\u0107 dodatek do przegl\u0105darki blokuj\u0105cy Google Analytics, kt\u00f3ry pozwoli Ci nie wysy\u0142a\u0107 informacji statystycznych. Jest on dost\u0119pny pod nast\u0119puj\u0105cym linkiem: <a href=\"https:\/\/tools.google.com\/dlpage\/gaoptout?hl=es\">https:\/\/tools.google.com\/dlpage\/gaoptout?hl=es<\/a><\/p>\n<div class=\"table-responsive\">\n<table>\n<tbody>\n<tr>\n<td><strong>Nazwa<\/strong><\/td>\n<td><strong>Dostawca<\/strong><\/td>\n<td><strong>Cel<\/strong><\/td>\n<td><strong>Wyga\u015bni\u0119cie<\/strong><\/td>\n<\/tr>\n<tr>\n<td>_ga<\/td>\n<td>vrioeurope.com<\/td>\n<td>Google Analytics \u2013 identyfikuje unikalnych u\u017cytkownik\u00f3w.<\/td>\n<td>2 lata<\/td>\n<\/tr>\n<tr>\n<td>_ga_*<\/td>\n<td>vrioeurope.com<\/td>\n<td>Google Analytics \u2013 \u015bledzenie sesji.<\/td>\n<td>2 lata<\/td>\n<\/tr>\n<tr>\n<td>_gid<\/td>\n<td>vrioeurope.com<\/td>\n<td>Google Analytics \u2013 rozr\u00f3\u017cnia u\u017cytkownik\u00f3w.<\/td>\n<td>24 godziny<\/td>\n<\/tr>\n<tr>\n<td>_gat_gtag_UA_*<\/td>\n<td>vrioeurope.com<\/td>\n<td>Google Analytics \u2013 ogranicza \u017c\u0105dania.<\/td>\n<td>1 minuta<\/td>\n<\/tr>\n<tr>\n<td>_clck<\/td>\n<td>clarity.ms<\/td>\n<td>Microsoft Clarity \u2013 przechowuje identyfikator u\u017cytkownika.<\/td>\n<td>1 rok<\/td>\n<\/tr>\n<tr>\n<td>_clsk<\/td>\n<td>clarity.ms<\/td>\n<td>Microsoft Clarity \u2013 grupuje wizyty.<\/td>\n<td>1 dzie\u0144<\/td>\n<\/tr>\n<tr>\n<td>CLID<\/td>\n<td>clarity.ms<\/td>\n<td>Identyfikuje odwiedzaj\u0105cego w Clarity.<\/td>\n<td>1 rok<\/td>\n<\/tr>\n<tr>\n<td>MUID<\/td>\n<td>clarity.ms<\/td>\n<td>Unikalny identyfikator Microsoft, \u015bledzenie analityczne.<\/td>\n<td>1 rok<\/td>\n<\/tr>\n<tr>\n<td>ANONCHK<\/td>\n<td>clarity.ms<\/td>\n<td>\u015aledzenie klikni\u0119\u0107 i diagnostyka.<\/td>\n<td>1 dzie\u0144<\/td>\n<\/tr>\n<tr>\n<td>_hjid \/ _hjSessionUser_*<\/td>\n<td>Hotjar<\/td>\n<td>Anonimowy identyfikator u\u017cytkownika do analizy.<\/td>\n<td>1 rok<\/td>\n<\/tr>\n<tr>\n<td>_hjAbsoluteSessionInProgress<\/td>\n<td>Hotjar<\/td>\n<td>Wykrywa now\u0105 sesj\u0119.<\/td>\n<td>30 minut<\/td>\n<\/tr>\n<tr>\n<td>_hjIncludedInPageviewSample<\/td>\n<td>Hotjar<\/td>\n<td>Okre\u015bla, czy u\u017cytkownik jest uwzgl\u0119dniony w pr\u00f3bie analitycznej.<\/td>\n<td>Sesja<\/td>\n<\/tr>\n<\/tbody>\n<\/table>\n<\/div>\n<h3>Pliki cookie marketingowe<\/h3>\n<p>Pliki cookie marketingowe s\u0105 u\u017cywane do \u015bledzenia odwiedzaj\u0105cych na stronach internetowych. Celem jest wy\u015bwietlanie reklam odpowiednich i anga\u017cuj\u0105cych dla poszczeg\u00f3lnych u\u017cytkownik\u00f3w, a tym samym bardziej warto\u015bciowych dla wydawc\u00f3w i reklamodawc\u00f3w zewn\u0119trznych.<\/p>\n<div class=\"table-responsive\">\n<table>\n<tbody>\n<tr>\n<td width=\"256\"><strong>Nazwa<\/strong><\/td>\n<td><strong>Dostawca<\/strong><\/td>\n<td><strong>Cel<\/strong><\/td>\n<td><strong>Wyga\u015bni\u0119cie<\/strong><\/td>\n<\/tr>\n<tr>\n<td width=\"256\">YSC<\/td>\n<td>youtube.com<\/td>\n<td>Identyfikuje wy\u015bwietlenia film\u00f3w na YouTube.<\/td>\n<td>Sesja<\/td>\n<\/tr>\n<tr>\n<td width=\"256\">VISITOR_INFO1_LIVE<\/td>\n<td>youtube.com<\/td>\n<td>Szacuje przepustowo\u015b\u0107 dla wideo.<\/td>\n<td>6 miesi\u0119cy<\/td>\n<\/tr>\n<tr>\n<td width=\"256\">VISITOR_PRIVACY_METADATA<\/td>\n<td>youtube.com<\/td>\n<td>Zapisuje ustawienia prywatno\u015bci na YouTube.<\/td>\n<td>6 miesi\u0119cy<\/td>\n<\/tr>\n<tr>\n<td width=\"256\">PREF<\/td>\n<td>youtube.com<\/td>\n<td>Przechowuje preferencje wy\u015bwietlania.<\/td>\n<td>8 miesi\u0119cy<\/td>\n<\/tr>\n<tr>\n<td width=\"256\">__Secure-ROLLOUT_TOKEN<\/td>\n<td>youtube.com<\/td>\n<td>Personalizacja i r\u00f3wnowa\u017cenie tre\u015bci.<\/td>\n<td>6 miesi\u0119cy<\/td>\n<\/tr>\n<tr>\n<td width=\"256\">GPS<\/td>\n<td>youtube.com<\/td>\n<td>\u015aledzi lokalizacj\u0119 w celu wy\u015bwietlania reklam.<\/td>\n<td>1 dzie\u0144<\/td>\n<\/tr>\n<tr>\n<td width=\"256\">li_sugr, li_gc, li_oatml, lidc, bscookie, bcookie, UserMatchHistory, AnalyticsSyncHistory, li_alerts<\/td>\n<td>linkedin.com<\/td>\n<td>Targetowanie i reklamy na LinkedIn.<\/td>\n<td>1 rok \/ Sesja<\/td>\n<\/tr>\n<tr>\n<td width=\"256\">_fbp<\/td>\n<td>facebook.com<\/td>\n<td>Dostarczanie odpowiednich reklam na Facebooku.<\/td>\n<td>3 miesi\u0105ce<\/td>\n<\/tr>\n<tr>\n<td width=\"256\">fr<\/td>\n<td>facebook.com<\/td>\n<td>\u015aledzenie u\u017cytkownik\u00f3w w celach reklamowych.<\/td>\n<td>3 miesi\u0105ce<\/td>\n<\/tr>\n<tr>\n<td width=\"256\">datr, sb, c_user, xs, wd, act, csm, <em>fbm<\/em><\/td>\n<td>facebook.com<\/td>\n<td>Identyfikacja i personalizacja reklam.<\/td>\n<td>1 rok<\/td>\n<\/tr>\n<tr>\n<td width=\"256\">Google Maps API<\/td>\n<td>google.com<\/td>\n<td>Wy\u015bwietla mapy i geolokalizacj\u0119.<\/td>\n<td>Trwa\u0142e<\/td>\n<\/tr>\n<tr>\n<td width=\"256\">lms_ads, lms_analytics<\/td>\n<td>linkedin.com<\/td>\n<td>Reklamy i statystyki reklamowe.<\/td>\n<td>1 rok<\/td>\n<\/tr>\n<tr>\n<td width=\"256\">BizographicsOptOut<\/td>\n<td>linkedin.com<\/td>\n<td>Opcja rezygnacji ze \u015bledzenia.<\/td>\n<td>Trwa\u0142e<\/td>\n<\/tr>\n<\/tbody>\n<\/table>\n<\/div>\n<h2><\/h2>\n<h2>Jak w\u0142\u0105czy\u0107\/wy\u0142\u0105czy\u0107 pliki cookie w g\u0142\u00f3wnych przegl\u0105darkach:<\/h2>\n<p>Zazwyczaj mo\u017cna przesta\u0107 akceptowa\u0107 pliki cookie w przegl\u0105darce lub przesta\u0107 akceptowa\u0107 pliki cookie konkretnej us\u0142ugi.<\/p>\n<p>Wszystkie nowoczesne przegl\u0105darki pozwalaj\u0105 zmienia\u0107 ustawienia plik\u00f3w cookie. Ustawienia te zazwyczaj znajduj\u0105 si\u0119 w menu \u201eopcje\u201d lub \u201ePreferencje\u201d w przegl\u0105darce. Mo\u017cesz r\u00f3wnie\u017c skonfigurowa\u0107 swoj\u0105 przegl\u0105dark\u0119 lub mened\u017cera poczty e-mail.<\/p>\n<p>Poni\u017cej podajemy wskaz\u00f3wki dla u\u017cytkownika dotycz\u0105ce krok\u00f3w, aby uzyska\u0107 dost\u0119p do menu ustawie\u0144 plik\u00f3w cookie, a w razie potrzeby trybu prywatnego przegl\u0105dania w ka\u017cdej z g\u0142\u00f3wnych przegl\u0105darek:<\/p>\n<p><strong>Internet Explorer:<\/strong> Narz\u0119dzia -&gt; Opcje internetowe -&gt; Prywatno\u015b\u0107 -&gt; Ustawienia. Wi\u0119cej informacji znajdziesz w <a href=\"http:\/\/windows.microsoft.com\/es-ES\/windows\/support\">pomocy Microsoft<\/a> lub w Pomocy przegl\u0105darki.<\/p>\n<p><strong>Firefox:<\/strong> Narz\u0119dzia -&gt; Opcje -&gt; Prywatno\u015b\u0107 -&gt; Historia -&gt; Niestandardowe ustawienia. Wi\u0119cej informacji znajdziesz w <a href=\"http:\/\/support.mozilla.org\/es\/home\">pomocy Mozilla<\/a> lub w Pomocy przegl\u0105darki.<\/p>\n<p><strong>Chrome:<\/strong> Ustawienia -&gt; Poka\u017c zaawansowane opcje -&gt; Prywatno\u015b\u0107 -&gt; Ustawienia tre\u015bci. Wi\u0119cej informacji znajdziesz w <a href=\"http:\/\/support.google.com\/chrome\/?hl=es\">pomocy Google<\/a> lub w Pomocy przegl\u0105darki.<\/p>\n<p><strong>Safari:<\/strong> Preferencje -&gt; Bezpiecze\u0144stwo. Wi\u0119cej informacji znajdziesz w <a href=\"http:\/\/www.apple.com\/es\/support\/safari\/\">pomocy Apple<\/a> lub w Pomocy przegl\u0105darki.<\/p>\n<h3>Co si\u0119 stanie, je\u015bli pliki cookie zostan\u0105 wy\u0142\u0105czone?<\/h3>\n<p>Niekt\u00f3re funkcje Us\u0142ug zostan\u0105 wy\u0142\u0105czone, takie jak pozostanie zalogowanym, utrzymanie zakup\u00f3w w \u201ekoszyku\u201d itd.<\/p>\n<\/div><\/section>\n<\/div><\/div><\/div><!-- close content main div --><\/div><\/div>\n<style type=\"text\/css\" data-created_by=\"avia_inline_auto\" id=\"style-css-av-av_section-63f517580bf0200cc745228c31c13642\">\n.avia-section.av-av_section-63f517580bf0200cc745228c31c13642{\nbackground-color:#000000;\nbackground-image:unset;\n}\n<\/style>\n<div id='av_section_1'  class='avia-section av-av_section-63f517580bf0200cc745228c31c13642 main_color avia-section-default avia-no-border-styling  avia-builder-el-2  el_after_av_textblock  avia-builder-el-last  avia-bg-style-scroll container_wrap sidebar_right'  ><div class='container av-section-cont-open' ><div class='template-page content  av-content-small alpha units'><div class='post-entry post-entry-type-page post-entry-987'><div class='entry-content-wrapper clearfix'>\n\n<style type=\"text\/css\" data-created_by=\"avia_inline_auto\" id=\"style-css-av-av_two_third-fe6bf0944dabf1e1556459291ee0b3bb\">\n.flex_column.av-av_two_third-fe6bf0944dabf1e1556459291ee0b3bb{\nborder-radius:0px 0px 0px 0px;\npadding:0px 0px 0px 0px;\n}\n<\/style>\n<div  class='flex_column av-av_two_third-fe6bf0944dabf1e1556459291ee0b3bb av_two_third  avia-builder-el-3  el_before_av_one_third  avia-builder-el-first  top-0 first flex_column_div av-zero-column-padding  '     ><style type=\"text\/css\" data-created_by=\"avia_inline_auto\" id=\"style-css-av-av_heading-a1ccc8ae3709f03371e6d090603711e1\">\n#top .av-special-heading.av-av_heading-a1ccc8ae3709f03371e6d090603711e1{\npadding-bottom:10px;\ncolor:#ffffff;\n}\nbody .av-special-heading.av-av_heading-a1ccc8ae3709f03371e6d090603711e1 .av-special-heading-tag .heading-char{\nfont-size:25px;\n}\n.av-special-heading.av-av_heading-a1ccc8ae3709f03371e6d090603711e1 .special-heading-inner-border{\nborder-color:#ffffff;\n}\n.av-special-heading.av-av_heading-a1ccc8ae3709f03371e6d090603711e1 .av-subheading{\nfont-size:15px;\n}\n<\/style>\n<div  class='av-special-heading av-av_heading-a1ccc8ae3709f03371e6d090603711e1 av-special-heading-h3 custom-color-heading blockquote modern-quote  avia-builder-el-4  avia-builder-el-no-sibling '><h3 class='av-special-heading-tag '  itemprop=\"headline\"  >Opening &amp;<br \/>\nConnecting<\/h3><div class=\"special-heading-border\"><div class=\"special-heading-inner-border\"><\/div><\/div><\/div><\/div>\n<style type=\"text\/css\" data-created_by=\"avia_inline_auto\" id=\"style-css-av-av_one_third-ea667b969acc93f39b5d7f0a1ec6f5a6\">\n.flex_column.av-av_one_third-ea667b969acc93f39b5d7f0a1ec6f5a6{\nborder-radius:0px 0px 0px 0px;\npadding:0px 0px 0px 0px;\n}\n<\/style>\n<div  class='flex_column av-av_one_third-ea667b969acc93f39b5d7f0a1ec6f5a6 av_one_third  avia-builder-el-5  el_after_av_two_third  avia-builder-el-last  top-0 flex_column_div av-zero-column-padding  '     ><\/div>\n<\/div><\/div><\/div><!-- close content main div --><\/div><\/div><div id='after_section_1'  class='main_color av_default_container_wrap container_wrap sidebar_right'  ><div class='container av-section-cont-open' ><div class='template-page content  av-content-small alpha units'><div class='post-entry post-entry-type-page post-entry-987'><div class='entry-content-wrapper clearfix'>\n","protected":false},"excerpt":{"rendered":"","protected":false},"author":1,"featured_media":16331,"parent":0,"menu_order":0,"comment_status":"closed","ping_status":"closed","template":"","meta":{"footnotes":""},"class_list":["post-987","page","type-page","status-publish","has-post-thumbnail","hentry"],"yoast_head":"<!-- This site is optimized with the Yoast SEO plugin v27.3 - https:\/\/yoast.com\/product\/yoast-seo-wordpress\/ -->\n<title>Polityka plik\u00f3w cookie - Vrio<\/title>\n<meta name=\"robots\" content=\"index, follow, max-snippet:-1, max-image-preview:large, max-video-preview:-1\" \/>\n<link rel=\"canonical\" href=\"https:\/\/vrioeurope.com\/pl\/polityka-plikow-cookie\/\" \/>\n<meta property=\"og:locale\" content=\"pl_PL\" \/>\n<meta property=\"og:type\" content=\"article\" \/>\n<meta property=\"og:title\" content=\"Polityka plik\u00f3w cookie - Vrio\" \/>\n<meta property=\"og:url\" content=\"https:\/\/vrioeurope.com\/pl\/polityka-plikow-cookie\/\" \/>\n<meta property=\"og:site_name\" content=\"Vrio\" \/>\n<meta property=\"article:modified_time\" content=\"2025-09-12T06:37:33+00:00\" \/>\n<meta property=\"og:image\" content=\"https:\/\/vrioeurope.com\/wp-content\/uploads\/2022\/04\/dst-vrio.jpg\" \/>\n\t<meta property=\"og:image:width\" content=\"700\" \/>\n\t<meta property=\"og:image:height\" content=\"450\" \/>\n\t<meta property=\"og:image:type\" content=\"image\/jpeg\" \/>\n<meta name=\"twitter:card\" content=\"summary_large_image\" \/>\n<meta name=\"twitter:label1\" content=\"Szacowany czas czytania\" \/>\n\t<meta name=\"twitter:data1\" content=\"4 minuty\" \/>\n<script type=\"application\/ld+json\" class=\"yoast-schema-graph\">{\"@context\":\"https:\\\/\\\/schema.org\",\"@graph\":[{\"@type\":\"WebPage\",\"@id\":\"https:\\\/\\\/vrioeurope.com\\\/pl\\\/polityka-plikow-cookie\\\/\",\"url\":\"https:\\\/\\\/vrioeurope.com\\\/pl\\\/polityka-plikow-cookie\\\/\",\"name\":\"Polityka plik\u00f3w cookie - Vrio\",\"isPartOf\":{\"@id\":\"https:\\\/\\\/vrioeurope.com\\\/pl\\\/#website\"},\"primaryImageOfPage\":{\"@id\":\"https:\\\/\\\/vrioeurope.com\\\/pl\\\/polityka-plikow-cookie\\\/#primaryimage\"},\"image\":{\"@id\":\"https:\\\/\\\/vrioeurope.com\\\/pl\\\/polityka-plikow-cookie\\\/#primaryimage\"},\"thumbnailUrl\":\"https:\\\/\\\/vrioeurope.com\\\/wp-content\\\/uploads\\\/2022\\\/04\\\/dst-vrio.jpg\",\"datePublished\":\"2019-11-20T14:46:03+00:00\",\"dateModified\":\"2025-09-12T06:37:33+00:00\",\"breadcrumb\":{\"@id\":\"https:\\\/\\\/vrioeurope.com\\\/pl\\\/polityka-plikow-cookie\\\/#breadcrumb\"},\"inLanguage\":\"pl-PL\",\"potentialAction\":[{\"@type\":\"ReadAction\",\"target\":[\"https:\\\/\\\/vrioeurope.com\\\/pl\\\/polityka-plikow-cookie\\\/\"]}]},{\"@type\":\"ImageObject\",\"inLanguage\":\"pl-PL\",\"@id\":\"https:\\\/\\\/vrioeurope.com\\\/pl\\\/polityka-plikow-cookie\\\/#primaryimage\",\"url\":\"https:\\\/\\\/vrioeurope.com\\\/wp-content\\\/uploads\\\/2022\\\/04\\\/dst-vrio.jpg\",\"contentUrl\":\"https:\\\/\\\/vrioeurope.com\\\/wp-content\\\/uploads\\\/2022\\\/04\\\/dst-vrio.jpg\",\"width\":700,\"height\":450},{\"@type\":\"BreadcrumbList\",\"@id\":\"https:\\\/\\\/vrioeurope.com\\\/pl\\\/polityka-plikow-cookie\\\/#breadcrumb\",\"itemListElement\":[{\"@type\":\"ListItem\",\"position\":1,\"name\":\"Portada\",\"item\":\"https:\\\/\\\/vrioeurope.com\\\/pl\\\/\"},{\"@type\":\"ListItem\",\"position\":2,\"name\":\"Polityka plik\u00f3w cookie\"}]},{\"@type\":\"WebSite\",\"@id\":\"https:\\\/\\\/vrioeurope.com\\\/pl\\\/#website\",\"url\":\"https:\\\/\\\/vrioeurope.com\\\/pl\\\/\",\"name\":\"Vrio\",\"description\":\"Tu partner de movilidad\",\"potentialAction\":[{\"@type\":\"SearchAction\",\"target\":{\"@type\":\"EntryPoint\",\"urlTemplate\":\"https:\\\/\\\/vrioeurope.com\\\/pl\\\/?s={search_term_string}\"},\"query-input\":{\"@type\":\"PropertyValueSpecification\",\"valueRequired\":true,\"valueName\":\"search_term_string\"}}],\"inLanguage\":\"pl-PL\"}]}<\/script>\n<!-- \/ Yoast SEO plugin. -->","yoast_head_json":{"title":"Polityka plik\u00f3w cookie - Vrio","robots":{"index":"index","follow":"follow","max-snippet":"max-snippet:-1","max-image-preview":"max-image-preview:large","max-video-preview":"max-video-preview:-1"},"canonical":"https:\/\/vrioeurope.com\/pl\/polityka-plikow-cookie\/","og_locale":"pl_PL","og_type":"article","og_title":"Polityka plik\u00f3w cookie - Vrio","og_url":"https:\/\/vrioeurope.com\/pl\/polityka-plikow-cookie\/","og_site_name":"Vrio","article_modified_time":"2025-09-12T06:37:33+00:00","og_image":[{"width":700,"height":450,"url":"https:\/\/vrioeurope.com\/wp-content\/uploads\/2022\/04\/dst-vrio.jpg","type":"image\/jpeg"}],"twitter_card":"summary_large_image","twitter_misc":{"Szacowany czas czytania":"4 minuty"},"schema":{"@context":"https:\/\/schema.org","@graph":[{"@type":"WebPage","@id":"https:\/\/vrioeurope.com\/pl\/polityka-plikow-cookie\/","url":"https:\/\/vrioeurope.com\/pl\/polityka-plikow-cookie\/","name":"Polityka plik\u00f3w cookie - Vrio","isPartOf":{"@id":"https:\/\/vrioeurope.com\/pl\/#website"},"primaryImageOfPage":{"@id":"https:\/\/vrioeurope.com\/pl\/polityka-plikow-cookie\/#primaryimage"},"image":{"@id":"https:\/\/vrioeurope.com\/pl\/polityka-plikow-cookie\/#primaryimage"},"thumbnailUrl":"https:\/\/vrioeurope.com\/wp-content\/uploads\/2022\/04\/dst-vrio.jpg","datePublished":"2019-11-20T14:46:03+00:00","dateModified":"2025-09-12T06:37:33+00:00","breadcrumb":{"@id":"https:\/\/vrioeurope.com\/pl\/polityka-plikow-cookie\/#breadcrumb"},"inLanguage":"pl-PL","potentialAction":[{"@type":"ReadAction","target":["https:\/\/vrioeurope.com\/pl\/polityka-plikow-cookie\/"]}]},{"@type":"ImageObject","inLanguage":"pl-PL","@id":"https:\/\/vrioeurope.com\/pl\/polityka-plikow-cookie\/#primaryimage","url":"https:\/\/vrioeurope.com\/wp-content\/uploads\/2022\/04\/dst-vrio.jpg","contentUrl":"https:\/\/vrioeurope.com\/wp-content\/uploads\/2022\/04\/dst-vrio.jpg","width":700,"height":450},{"@type":"BreadcrumbList","@id":"https:\/\/vrioeurope.com\/pl\/polityka-plikow-cookie\/#breadcrumb","itemListElement":[{"@type":"ListItem","position":1,"name":"Portada","item":"https:\/\/vrioeurope.com\/pl\/"},{"@type":"ListItem","position":2,"name":"Polityka plik\u00f3w cookie"}]},{"@type":"WebSite","@id":"https:\/\/vrioeurope.com\/pl\/#website","url":"https:\/\/vrioeurope.com\/pl\/","name":"Vrio","description":"Tu partner de movilidad","potentialAction":[{"@type":"SearchAction","target":{"@type":"EntryPoint","urlTemplate":"https:\/\/vrioeurope.com\/pl\/?s={search_term_string}"},"query-input":{"@type":"PropertyValueSpecification","valueRequired":true,"valueName":"search_term_string"}}],"inLanguage":"pl-PL"}]}},"_links":{"self":[{"href":"https:\/\/vrioeurope.com\/pl\/wp-json\/wp\/v2\/pages\/987","targetHints":{"allow":["GET"]}}],"collection":[{"href":"https:\/\/vrioeurope.com\/pl\/wp-json\/wp\/v2\/pages"}],"about":[{"href":"https:\/\/vrioeurope.com\/pl\/wp-json\/wp\/v2\/types\/page"}],"author":[{"embeddable":true,"href":"https:\/\/vrioeurope.com\/pl\/wp-json\/wp\/v2\/users\/1"}],"replies":[{"embeddable":true,"href":"https:\/\/vrioeurope.com\/pl\/wp-json\/wp\/v2\/comments?post=987"}],"version-history":[{"count":8,"href":"https:\/\/vrioeurope.com\/pl\/wp-json\/wp\/v2\/pages\/987\/revisions"}],"predecessor-version":[{"id":74411,"href":"https:\/\/vrioeurope.com\/pl\/wp-json\/wp\/v2\/pages\/987\/revisions\/74411"}],"wp:featuredmedia":[{"embeddable":true,"href":"https:\/\/vrioeurope.com\/pl\/wp-json\/wp\/v2\/media\/16331"}],"wp:attachment":[{"href":"https:\/\/vrioeurope.com\/pl\/wp-json\/wp\/v2\/media?parent=987"}],"curies":[{"name":"wp","href":"https:\/\/api.w.org\/{rel}","templated":true}]}}