{"id":74053,"date":"2025-09-10T10:41:09","date_gmt":"2025-09-10T08:41:09","guid":{"rendered":"https:\/\/vrioeurope.com\/?page_id=74053"},"modified":"2025-09-12T08:26:42","modified_gmt":"2025-09-12T06:26:42","slug":"legal-notice","status":"publish","type":"page","link":"https:\/\/vrioeurope.com\/pl\/legal-notice\/","title":{"rendered":"Nota prawna"},"content":{"rendered":"\n<style type=\"text\/css\" data-created_by=\"avia_inline_auto\" id=\"style-css-av-mfds6peo-bd1dde5c953683018202a36095ee3237\">\n#top .av-special-heading.av-mfds6peo-bd1dde5c953683018202a36095ee3237{\npadding-bottom:10px;\n}\nbody .av-special-heading.av-mfds6peo-bd1dde5c953683018202a36095ee3237 .av-special-heading-tag .heading-char{\nfont-size:25px;\n}\n.av-special-heading.av-mfds6peo-bd1dde5c953683018202a36095ee3237 .av-subheading{\nfont-size:15px;\n}\n<\/style>\n<div  class='av-special-heading av-mfds6peo-bd1dde5c953683018202a36095ee3237 av-special-heading-h1 blockquote modern-quote  avia-builder-el-0  el_before_av_textblock  avia-builder-el-first  av-linked-heading'><h1 class='av-special-heading-tag '  itemprop=\"headline\"  >Nota prawna<\/h1><div class=\"special-heading-border\"><div class=\"special-heading-inner-border\"><\/div><\/div><\/div>\n<section  class='av_textblock_section av-mfggfez9-72bde27ce2e4ef9392a6400fd0eb9e2b '   itemscope=\"itemscope\" itemtype=\"https:\/\/schema.org\/CreativeWork\" ><div class='avia_textblock'  itemprop=\"text\" ><p>Prosimy o przeczytanie wszystkich sekcji niniejszej Noty Prawnej przed rozpocz\u0119ciem korzystania z tej strony internetowej. Poni\u017csze warunki s\u0105 wi\u0105\u017c\u0105ce dla ka\u017cdego u\u017cytkownika serwisu.<\/p>\n<p>Zgodnie z obowi\u0105zkiem informacyjnym okre\u015blonym w Ustawie 34\/2002 z dnia 11 lipca o us\u0142ugach spo\u0142ecze\u0144stwa informacyjnego i handlu elektronicznym (LSSI-CE), poni\u017cej przedstawiono og\u00f3lne informacje dotycz\u0105ce tej strony internetowej.<\/p>\n<p>Celem niniejszego tekstu jest szczeg\u00f3\u0142owe wyja\u015bnienie funkcjonalno\u015bci strony oraz dostarczenie informacji zwi\u0105zanych z w\u0142a\u015bcicielem serwisu i przeznaczeniem zamieszczonych tu tre\u015bci.<\/p>\n<h2>DANE IDENTYFIKACYJNE<\/h2>\n<p>Niniejsza Nota Prawna reguluje korzystanie z us\u0142ugi strony internetowej [LSSI_Web], informuj\u0105c, zgodnie z Ustaw\u0105 34\/2002 z dnia 11 lipca o us\u0142ugach spo\u0142ecze\u0144stwa informacyjnego i handlu elektronicznym, o nast\u0119puj\u0105cych danych:<\/p>\n<ul>\n<li><strong>Nazwa firmy:<\/strong> Vrio (Vrio Mobility S.L.U B73550691 oraz Vrio Mobility Europe S.L.U B05507629)<\/li>\n<li><strong>Adres:<\/strong> C\/ Calasparra, 2, 30500, Molina De Segura, Murcia<\/li>\n<li><strong>Email:<\/strong> hr@vrioeurope.com<\/li>\n<li><strong>Telefon kontaktowy:<\/strong> +34 968 38 72 20<\/li>\n<li><strong>Dane rejestrowe:<\/strong> Dane Rejestrowe: Karta MU-64639, Tom 2561, Strona 199, IRUS: 1000150836858<\/li>\n<li><strong>Przedstawiciel prawny:<\/strong> Anthony Renton<\/li>\n<\/ul>\n<h2>KORZYSTANIE ZE STRONY I OBOWI\u0104ZKI U\u017bYTKOWNIKA<\/h2>\n<p>U\u017cytkownik zobowi\u0105zuje si\u0119 korzysta\u0107 ze strony, jej tre\u015bci i us\u0142ug bez naruszania obowi\u0105zuj\u0105cego prawa, og\u00f3lnie przyj\u0119tych praktyk oraz porz\u0105dku publicznego. Wykorzystywanie strony w celach niezgodnych z prawem lub szkodliwych dla Vrio lub os\u00f3b trzecich, kt\u00f3re mog\u0142yby w jakikolwiek spos\u00f3b spowodowa\u0107 szkody lub utrudni\u0107 normalne korzystanie ze strony, jest surowo zabronione.<\/p>\n<p>Vrio gwarantuje, \u017ce tre\u015bci i us\u0142ugi oferowane w portalu respektuj\u0105 zasad\u0119 godno\u015bci ludzkiej, ochrony nieletnich oraz zakaz dyskryminacji ze wzgl\u0119du na ras\u0119, p\u0142e\u0107, religi\u0119, pogl\u0105dy, narodowo\u015b\u0107, niepe\u0142nosprawno\u015b\u0107 czy inne okoliczno\u015bci osobiste lub spo\u0142eczne.<\/p>\n<p>Niniejsze Og\u00f3lne Warunki Korzystania ze strony nie przyznaj\u0105 u\u017cytkownikowi \u017cadnych innych praw do u\u017cywania, zmieniania, wykorzystywania, powielania, rozpowszechniania ani publicznego komunikowania tre\u015bci strony poza tymi, kt\u00f3re zosta\u0142y tu wyra\u017anie okre\u015blone.<\/p>\n<p>Tre\u015bci (informacje, pliki audio i\/lub wideo, zdj\u0119cia, projekty itp.) zamieszczone w portalu s\u0105 w\u0142asno\u015bci\u0105 Vrio lub zosta\u0142y nale\u017cycie upowa\u017cnione do rozpowszechniania przez ich prawowitych w\u0142a\u015bcicieli.<\/p>\n<p>Vrio zobowi\u0105zuje si\u0119 nie prowadzi\u0107 reklamy wprowadzaj\u0105cej w b\u0142\u0105d i w zwi\u0105zku z tym zakazuje:<\/p>\n<ul>\n<li>Korzystania ze strony w celach komercyjnych lub reklamowych innych ni\u017c te wyra\u017anie dozwolone.<\/li>\n<li>Reprodukcji, publikacji, rozpowszechniania lub modyfikowania, w ca\u0142o\u015bci lub cz\u0119\u015bci, bez wcze\u015bniejszej pisemnej zgody prawowitych w\u0142a\u015bcicieli lub chyba \u017ce zezwalaj\u0105 na to przepisy prawa.<\/li>\n<li>Naruszania praw Vrio lub prawowitych w\u0142a\u015bcicieli do tych tre\u015bci.<\/li>\n<\/ul>\n<h2>W\u0141ASNO\u015a\u0106 INTELEKTUALNA I PRZEMYS\u0141OWA<\/h2>\n<p>U\u017cytkownik przyjmuje do wiadomo\u015bci i akceptuje, \u017ce wszystkie prawa w\u0142asno\u015bci intelektualnej i przemys\u0142owej dotycz\u0105ce tre\u015bci i\/lub innych element\u00f3w zamieszczonych na stronie nale\u017c\u0105 do Vrio lub zosta\u0142y nale\u017cycie upowa\u017cnione do ich rozpowszechniania na tej stronie.<\/p>\n<p>Je\u015bli u\u017cytkownik lub osoba trzecia uzna, \u017ce jego\/jej prawa w\u0142asno\u015bci intelektualnej zosta\u0142y naruszone poprzez wprowadzenie okre\u015blonych tre\u015bci na stronie, powinien\/powinna powiadomi\u0107 Vrio, wskazuj\u0105c:<\/p>\n<ul>\n<li>Dane posiadacza rzekomo naruszonych praw lub pe\u0142nomocnictwo, je\u015bli skarg\u0119 sk\u0142ada osoba trzecia inna ni\u017c zainteresowana strona.<\/li>\n<li>Tre\u015b\u0107 chronion\u0105, rzekomo naruszon\u0105, oraz jej lokalizacj\u0119 na stronie, dow\u00f3d przys\u0142uguj\u0105cych praw w\u0142asno\u015bci intelektualnej oraz wyra\u017ane o\u015bwiadczenie, w kt\u00f3rym zainteresowany bierze odpowiedzialno\u015b\u0107 za prawdziwo\u015b\u0107 informacji zawartych w zg\u0142oszeniu.<\/li>\n<\/ul>\n<h2>LINKI<\/h2>\n<p>Niniejsza strona internetowa zawiera odno\u015bniki do innych stron i tre\u015bci b\u0119d\u0105cych w\u0142asno\u015bci\u0105 os\u00f3b trzecich.<\/p>\n<p>Jedynym celem link\u00f3w jest umo\u017cliwienie u\u017cytkownikowi dost\u0119pu do tych tre\u015bci. Vrio w \u017cadnym wypadku nie ponosi odpowiedzialno\u015bci za konsekwencje wynikaj\u0105ce z dost\u0119pu u\u017cytkownika do tych stron.<\/p>\n<p>Ka\u017cdy u\u017cytkownik, kt\u00f3ry zamierza ustanowi\u0107 jakiekolwiek techniczne po\u0142\u0105czenie (link) ze swojej strony do portalu, musi uzyska\u0107 uprzedni\u0105 pisemn\u0105 zgod\u0119 Vrio. Ustanowienie linku nie oznacza w \u017cadnym wypadku istnienia jakiejkolwiek relacji mi\u0119dzy Vrio a w\u0142a\u015bcicielem strony, na kt\u00f3rej link zosta\u0142 umieszczony, ani akceptacji b\u0105d\u017a zatwierdzenia przez Vrio jej tre\u015bci lub us\u0142ug.<\/p>\n<p>Strona, na kt\u00f3rej umieszczony jest link, nie mo\u017ce zawiera\u0107 \u017cadnych znak\u00f3w towarowych, nazw handlowych, logotyp\u00f3w, hase\u0142 ani innych oznacze\u0144 odr\u00f3\u017cniaj\u0105cych nale\u017c\u0105cych do Vrio, poza tymi wyra\u017anie upowa\u017cnionymi.<\/p>\n<h2>JEDNOSTRONNE ZMIANY I CZAS TRWANIA<\/h2>\n<p>Vrio zastrzega sobie prawo do modyfikowania w dowolnym momencie i bez uprzedniego powiadomienia wygl\u0105du i konfiguracji strony, jak r\u00f3wnie\u017c niniejszej Noty Prawnej.<\/p>\n<h2>WY\u0141\u0104CZENIE GWARANCJI I ODPOWIEDZIALNO\u015aCI<\/h2>\n<p>Vrio nie udziela \u017cadnych gwarancji i w \u017cadnym wypadku nie ponosi odpowiedzialno\u015bci za szkody jakiegokolwiek rodzaju wynikaj\u0105ce z:<\/p>\n<ul>\n<li>Braku dost\u0119pno\u015bci, utrzymania i prawid\u0142owego dzia\u0142ania strony i\/lub jej us\u0142ug lub tre\u015bci.<\/li>\n<li>Obecno\u015bci wirus\u00f3w, z\u0142o\u015bliwych lub szkodliwych program\u00f3w w tre\u015bciach.<\/li>\n<li>Bezprawnego, niedba\u0142ego, oszuka\u0144czego korzystania ze strony, jej us\u0142ug lub tre\u015bci, sprzecznego z niniejszymi warunkami, zasadami dobrej wiary, og\u00f3lnie przyj\u0119tymi praktykami lub porz\u0105dkiem publicznym przez u\u017cytkownik\u00f3w.<\/li>\n<\/ul>\n<h2>PRZETWARZANIE DANYCH OSOBOWYCH<\/h2>\n<p>Jak wskazano w \u201ePOLITYCE PRYWATNO\u015aCI\u201d, kt\u00f3r\u0105 mo\u017cna znale\u017a\u0107 na tej stronie, Vrio przyj\u0119\u0142o odpowiednie poziomy bezpiecze\u0144stwa dla danych, kt\u00f3re przetwarza i zarz\u0105dza, wdra\u017caj\u0105c wszystkie dost\u0119pne \u015brodki techniczne i organizacyjne w celu zagwarantowania poufno\u015bci, zapobiegania nadu\u017cyciom, utracie, zmianom, nieuprawnionemu dost\u0119powi i kradzie\u017cy.<\/p>\n<h2>PRAWO W\u0141A\u015aCIWE I JURYSDYKCJA<\/h2>\n<p>W celu rozstrzygania wszelkich spor\u00f3w lub kwestii zwi\u0105zanych z niniejsz\u0105 stron\u0105 internetow\u0105 lub dzia\u0142alno\u015bci\u0105 na niej prowadzon\u0105 zastosowanie ma prawo hiszpa\u0144skie, kt\u00f3remu strony wyra\u017anie si\u0119 poddaj\u0105. S\u0105dy w\u0142a\u015bciwe dla miejsca zamieszkania powoda b\u0119d\u0105 w\u0142a\u015bciwe, gdy u\u017cytkownik posiada status konsumenta; w przeciwnym razie w\u0142a\u015bciwe b\u0119d\u0105 S\u0105dy i Trybuna\u0142y miasta Murcia (Hiszpania).<\/p>\n<h2>KONTAKT<\/h2>\n<p>Je\u015bli jakikolwiek u\u017cytkownik ma pytania dotycz\u0105ce niniejszej Noty Prawnej lub chce zg\u0142osi\u0107 swoje uwagi, mo\u017ce skontaktowa\u0107 si\u0119 pod adresem <a href=\"mailto:hr@vrioeurope.com\">hr@vrioeurope.com<\/a> lub przes\u0142a\u0107 pisemn\u0105 korespondencj\u0119 na adres wskazany w nag\u0142\u00f3wku.<\/p>\n<\/div><\/section>\n<\/div><\/div><\/div><!-- close content main div --><\/div><\/div>\n<style type=\"text\/css\" data-created_by=\"avia_inline_auto\" id=\"style-css-av-av_section-63f517580bf0200cc745228c31c13642\">\n.avia-section.av-av_section-63f517580bf0200cc745228c31c13642{\nbackground-color:#000000;\nbackground-image:unset;\n}\n<\/style>\n<div id='av_section_1'  class='avia-section av-av_section-63f517580bf0200cc745228c31c13642 main_color avia-section-default avia-no-border-styling  avia-builder-el-2  el_after_av_textblock  avia-builder-el-last  avia-bg-style-scroll container_wrap sidebar_right'  ><div class='container av-section-cont-open' ><div class='template-page content  av-content-small alpha units'><div class='post-entry post-entry-type-page post-entry-74053'><div class='entry-content-wrapper clearfix'>\n\n<style type=\"text\/css\" data-created_by=\"avia_inline_auto\" id=\"style-css-av-av_two_third-fe6bf0944dabf1e1556459291ee0b3bb\">\n.flex_column.av-av_two_third-fe6bf0944dabf1e1556459291ee0b3bb{\nborder-radius:0px 0px 0px 0px;\npadding:0px 0px 0px 0px;\n}\n<\/style>\n<div  class='flex_column av-av_two_third-fe6bf0944dabf1e1556459291ee0b3bb av_two_third  avia-builder-el-3  el_before_av_one_third  avia-builder-el-first  top-0 first flex_column_div av-zero-column-padding  '     ><style type=\"text\/css\" data-created_by=\"avia_inline_auto\" id=\"style-css-av-av_heading-a1ccc8ae3709f03371e6d090603711e1\">\n#top .av-special-heading.av-av_heading-a1ccc8ae3709f03371e6d090603711e1{\npadding-bottom:10px;\ncolor:#ffffff;\n}\nbody .av-special-heading.av-av_heading-a1ccc8ae3709f03371e6d090603711e1 .av-special-heading-tag .heading-char{\nfont-size:25px;\n}\n.av-special-heading.av-av_heading-a1ccc8ae3709f03371e6d090603711e1 .special-heading-inner-border{\nborder-color:#ffffff;\n}\n.av-special-heading.av-av_heading-a1ccc8ae3709f03371e6d090603711e1 .av-subheading{\nfont-size:15px;\n}\n<\/style>\n<div  class='av-special-heading av-av_heading-a1ccc8ae3709f03371e6d090603711e1 av-special-heading-h3 custom-color-heading blockquote modern-quote  avia-builder-el-4  avia-builder-el-no-sibling '><h3 class='av-special-heading-tag '  itemprop=\"headline\"  >Opening &amp;<br \/>\nConnecting<\/h3><div class=\"special-heading-border\"><div class=\"special-heading-inner-border\"><\/div><\/div><\/div><\/div>\n<style type=\"text\/css\" data-created_by=\"avia_inline_auto\" id=\"style-css-av-av_one_third-ea667b969acc93f39b5d7f0a1ec6f5a6\">\n.flex_column.av-av_one_third-ea667b969acc93f39b5d7f0a1ec6f5a6{\nborder-radius:0px 0px 0px 0px;\npadding:0px 0px 0px 0px;\n}\n<\/style>\n<div  class='flex_column av-av_one_third-ea667b969acc93f39b5d7f0a1ec6f5a6 av_one_third  avia-builder-el-5  el_after_av_two_third  avia-builder-el-last  top-0 flex_column_div av-zero-column-padding  '     ><\/div>\n<\/div><\/div><\/div><!-- close content main div --><\/div><\/div><div id='after_section_1'  class='main_color av_default_container_wrap container_wrap sidebar_right'  ><div class='container av-section-cont-open' ><div class='template-page content  av-content-small alpha units'><div class='post-entry post-entry-type-page post-entry-74053'><div class='entry-content-wrapper clearfix'>\n","protected":false},"excerpt":{"rendered":"","protected":false},"author":7,"featured_media":16331,"parent":0,"menu_order":0,"comment_status":"closed","ping_status":"closed","template":"","meta":{"footnotes":""},"class_list":["post-74053","page","type-page","status-publish","has-post-thumbnail","hentry"],"yoast_head":"<!-- This site is optimized with the Yoast SEO plugin v27.3 - https:\/\/yoast.com\/product\/yoast-seo-wordpress\/ -->\n<title>Nota prawna - Vrio<\/title>\n<meta name=\"robots\" content=\"index, follow, max-snippet:-1, max-image-preview:large, max-video-preview:-1\" \/>\n<link rel=\"canonical\" href=\"https:\/\/vrioeurope.com\/pl\/legal-notice\/\" \/>\n<meta property=\"og:locale\" content=\"pl_PL\" \/>\n<meta property=\"og:type\" content=\"article\" \/>\n<meta property=\"og:title\" content=\"Nota prawna - Vrio\" \/>\n<meta property=\"og:url\" content=\"https:\/\/vrioeurope.com\/pl\/legal-notice\/\" \/>\n<meta property=\"og:site_name\" content=\"Vrio\" \/>\n<meta property=\"article:modified_time\" content=\"2025-09-12T06:26:42+00:00\" \/>\n<meta property=\"og:image\" content=\"https:\/\/vrioeurope.com\/wp-content\/uploads\/2022\/04\/dst-vrio.jpg\" \/>\n\t<meta property=\"og:image:width\" content=\"700\" \/>\n\t<meta property=\"og:image:height\" content=\"450\" \/>\n\t<meta property=\"og:image:type\" content=\"image\/jpeg\" \/>\n<meta name=\"twitter:card\" content=\"summary_large_image\" \/>\n<meta name=\"twitter:label1\" content=\"Szacowany czas czytania\" \/>\n\t<meta name=\"twitter:data1\" content=\"5 minut\" \/>\n<script type=\"application\/ld+json\" class=\"yoast-schema-graph\">{\"@context\":\"https:\\\/\\\/schema.org\",\"@graph\":[{\"@type\":\"WebPage\",\"@id\":\"https:\\\/\\\/vrioeurope.com\\\/pl\\\/legal-notice\\\/\",\"url\":\"https:\\\/\\\/vrioeurope.com\\\/pl\\\/legal-notice\\\/\",\"name\":\"Nota prawna - Vrio\",\"isPartOf\":{\"@id\":\"https:\\\/\\\/vrioeurope.com\\\/pl\\\/#website\"},\"primaryImageOfPage\":{\"@id\":\"https:\\\/\\\/vrioeurope.com\\\/pl\\\/legal-notice\\\/#primaryimage\"},\"image\":{\"@id\":\"https:\\\/\\\/vrioeurope.com\\\/pl\\\/legal-notice\\\/#primaryimage\"},\"thumbnailUrl\":\"https:\\\/\\\/vrioeurope.com\\\/wp-content\\\/uploads\\\/2022\\\/04\\\/dst-vrio.jpg\",\"datePublished\":\"2025-09-10T08:41:09+00:00\",\"dateModified\":\"2025-09-12T06:26:42+00:00\",\"breadcrumb\":{\"@id\":\"https:\\\/\\\/vrioeurope.com\\\/pl\\\/legal-notice\\\/#breadcrumb\"},\"inLanguage\":\"pl-PL\",\"potentialAction\":[{\"@type\":\"ReadAction\",\"target\":[\"https:\\\/\\\/vrioeurope.com\\\/pl\\\/legal-notice\\\/\"]}]},{\"@type\":\"ImageObject\",\"inLanguage\":\"pl-PL\",\"@id\":\"https:\\\/\\\/vrioeurope.com\\\/pl\\\/legal-notice\\\/#primaryimage\",\"url\":\"https:\\\/\\\/vrioeurope.com\\\/wp-content\\\/uploads\\\/2022\\\/04\\\/dst-vrio.jpg\",\"contentUrl\":\"https:\\\/\\\/vrioeurope.com\\\/wp-content\\\/uploads\\\/2022\\\/04\\\/dst-vrio.jpg\",\"width\":700,\"height\":450},{\"@type\":\"BreadcrumbList\",\"@id\":\"https:\\\/\\\/vrioeurope.com\\\/pl\\\/legal-notice\\\/#breadcrumb\",\"itemListElement\":[{\"@type\":\"ListItem\",\"position\":1,\"name\":\"Portada\",\"item\":\"https:\\\/\\\/vrioeurope.com\\\/pl\\\/\"},{\"@type\":\"ListItem\",\"position\":2,\"name\":\"Nota prawna\"}]},{\"@type\":\"WebSite\",\"@id\":\"https:\\\/\\\/vrioeurope.com\\\/pl\\\/#website\",\"url\":\"https:\\\/\\\/vrioeurope.com\\\/pl\\\/\",\"name\":\"Vrio\",\"description\":\"Tu partner de movilidad\",\"potentialAction\":[{\"@type\":\"SearchAction\",\"target\":{\"@type\":\"EntryPoint\",\"urlTemplate\":\"https:\\\/\\\/vrioeurope.com\\\/pl\\\/?s={search_term_string}\"},\"query-input\":{\"@type\":\"PropertyValueSpecification\",\"valueRequired\":true,\"valueName\":\"search_term_string\"}}],\"inLanguage\":\"pl-PL\"}]}<\/script>\n<!-- \/ Yoast SEO plugin. -->","yoast_head_json":{"title":"Nota prawna - Vrio","robots":{"index":"index","follow":"follow","max-snippet":"max-snippet:-1","max-image-preview":"max-image-preview:large","max-video-preview":"max-video-preview:-1"},"canonical":"https:\/\/vrioeurope.com\/pl\/legal-notice\/","og_locale":"pl_PL","og_type":"article","og_title":"Nota prawna - Vrio","og_url":"https:\/\/vrioeurope.com\/pl\/legal-notice\/","og_site_name":"Vrio","article_modified_time":"2025-09-12T06:26:42+00:00","og_image":[{"width":700,"height":450,"url":"https:\/\/vrioeurope.com\/wp-content\/uploads\/2022\/04\/dst-vrio.jpg","type":"image\/jpeg"}],"twitter_card":"summary_large_image","twitter_misc":{"Szacowany czas czytania":"5 minut"},"schema":{"@context":"https:\/\/schema.org","@graph":[{"@type":"WebPage","@id":"https:\/\/vrioeurope.com\/pl\/legal-notice\/","url":"https:\/\/vrioeurope.com\/pl\/legal-notice\/","name":"Nota prawna - Vrio","isPartOf":{"@id":"https:\/\/vrioeurope.com\/pl\/#website"},"primaryImageOfPage":{"@id":"https:\/\/vrioeurope.com\/pl\/legal-notice\/#primaryimage"},"image":{"@id":"https:\/\/vrioeurope.com\/pl\/legal-notice\/#primaryimage"},"thumbnailUrl":"https:\/\/vrioeurope.com\/wp-content\/uploads\/2022\/04\/dst-vrio.jpg","datePublished":"2025-09-10T08:41:09+00:00","dateModified":"2025-09-12T06:26:42+00:00","breadcrumb":{"@id":"https:\/\/vrioeurope.com\/pl\/legal-notice\/#breadcrumb"},"inLanguage":"pl-PL","potentialAction":[{"@type":"ReadAction","target":["https:\/\/vrioeurope.com\/pl\/legal-notice\/"]}]},{"@type":"ImageObject","inLanguage":"pl-PL","@id":"https:\/\/vrioeurope.com\/pl\/legal-notice\/#primaryimage","url":"https:\/\/vrioeurope.com\/wp-content\/uploads\/2022\/04\/dst-vrio.jpg","contentUrl":"https:\/\/vrioeurope.com\/wp-content\/uploads\/2022\/04\/dst-vrio.jpg","width":700,"height":450},{"@type":"BreadcrumbList","@id":"https:\/\/vrioeurope.com\/pl\/legal-notice\/#breadcrumb","itemListElement":[{"@type":"ListItem","position":1,"name":"Portada","item":"https:\/\/vrioeurope.com\/pl\/"},{"@type":"ListItem","position":2,"name":"Nota prawna"}]},{"@type":"WebSite","@id":"https:\/\/vrioeurope.com\/pl\/#website","url":"https:\/\/vrioeurope.com\/pl\/","name":"Vrio","description":"Tu partner de movilidad","potentialAction":[{"@type":"SearchAction","target":{"@type":"EntryPoint","urlTemplate":"https:\/\/vrioeurope.com\/pl\/?s={search_term_string}"},"query-input":{"@type":"PropertyValueSpecification","valueRequired":true,"valueName":"search_term_string"}}],"inLanguage":"pl-PL"}]}},"_links":{"self":[{"href":"https:\/\/vrioeurope.com\/pl\/wp-json\/wp\/v2\/pages\/74053","targetHints":{"allow":["GET"]}}],"collection":[{"href":"https:\/\/vrioeurope.com\/pl\/wp-json\/wp\/v2\/pages"}],"about":[{"href":"https:\/\/vrioeurope.com\/pl\/wp-json\/wp\/v2\/types\/page"}],"author":[{"embeddable":true,"href":"https:\/\/vrioeurope.com\/pl\/wp-json\/wp\/v2\/users\/7"}],"replies":[{"embeddable":true,"href":"https:\/\/vrioeurope.com\/pl\/wp-json\/wp\/v2\/comments?post=74053"}],"version-history":[{"count":6,"href":"https:\/\/vrioeurope.com\/pl\/wp-json\/wp\/v2\/pages\/74053\/revisions"}],"predecessor-version":[{"id":74408,"href":"https:\/\/vrioeurope.com\/pl\/wp-json\/wp\/v2\/pages\/74053\/revisions\/74408"}],"wp:featuredmedia":[{"embeddable":true,"href":"https:\/\/vrioeurope.com\/pl\/wp-json\/wp\/v2\/media\/16331"}],"wp:attachment":[{"href":"https:\/\/vrioeurope.com\/pl\/wp-json\/wp\/v2\/media?parent=74053"}],"curies":[{"name":"wp","href":"https:\/\/api.w.org\/{rel}","templated":true}]}}