{"id":647,"date":"2019-11-14T20:35:02","date_gmt":"2019-11-14T20:35:02","guid":{"rendered":"https:\/\/pre.vrioeurope.com\/kontakt-i-wiecej-informacji\/"},"modified":"2025-09-10T13:50:43","modified_gmt":"2025-09-10T11:50:43","slug":"kontakt-i-wiecej-informacji","status":"publish","type":"page","link":"https:\/\/vrioeurope.com\/pl\/kontakt-i-wiecej-informacji\/","title":{"rendered":"Kontakt i wi\u0119cej informacji"},"content":{"rendered":"\n<style type=\"text\/css\" data-created_by=\"avia_inline_auto\" id=\"style-css-av-k2x7zxwj-4504e3e5b4c68835b9f893538eaa0d7f\">\n.avia-section.av-k2x7zxwj-4504e3e5b4c68835b9f893538eaa0d7f .av-parallax .av-parallax-inner{\nbackground-repeat:no-repeat;\nbackground-image:url(https:\/\/vrioeurope.com\/wp-content\/uploads\/2019\/11\/Cabecera-Contacto@2x-scaled.jpg);\nbackground-position:100% 0%;\nbackground-attachment:scroll;\n}\n<\/style>\n<div id='av_section_1'  class='avia-section av-k2x7zxwj-4504e3e5b4c68835b9f893538eaa0d7f main_color avia-section-huge avia-no-border-styling  avia-builder-el-0  el_before_av_section  avia-builder-el-first  avia-full-stretch av-parallax-section avia-bg-style-parallax container_wrap sidebar_right'  data-section-bg-repeat='stretch'><div class='av-parallax' data-avia-parallax-ratio='0.3' ><div class='av-parallax-inner main_color avia-full-stretch'><\/div><\/div><div class='container av-section-cont-open' ><main  role=\"main\" itemprop=\"mainContentOfPage\"  class='template-page content  av-content-small alpha units'><div class='post-entry post-entry-type-page post-entry-647'><div class='entry-content-wrapper clearfix'>\n<div class='flex_column_table av-k2x80miw-047928c1f8afa3a86df4bcfe5e1fa693 sc-av_one_full av-equal-height-column-flextable'>\n<style type=\"text\/css\" data-created_by=\"avia_inline_auto\" id=\"style-css-av-k2x80miw-047928c1f8afa3a86df4bcfe5e1fa693\">\n.flex_column.av-k2x80miw-047928c1f8afa3a86df4bcfe5e1fa693{\nborder-radius:0px 0px 0px 0px;\npadding:0px 0px 0px 0px;\n}\n<\/style>\n<div  class='flex_column av-k2x80miw-047928c1f8afa3a86df4bcfe5e1fa693 av_one_full  avia-builder-el-1  avia-builder-el-no-sibling  first flex_column_table_cell av-equal-height-column av-align-middle av-zero-column-padding  '     ><style type=\"text\/css\" data-created_by=\"avia_inline_auto\" id=\"style-css-av-k2xwu9gh-af2a2260213751287e501b76d0201f7f\">\n#top .av-special-heading.av-k2xwu9gh-af2a2260213751287e501b76d0201f7f{\npadding-bottom:10px;\ncolor:#ffffff;\n}\nbody .av-special-heading.av-k2xwu9gh-af2a2260213751287e501b76d0201f7f .av-special-heading-tag .heading-char{\nfont-size:25px;\n}\n.av-special-heading.av-k2xwu9gh-af2a2260213751287e501b76d0201f7f .special-heading-inner-border{\nborder-color:#ffffff;\n}\n.av-special-heading.av-k2xwu9gh-af2a2260213751287e501b76d0201f7f .av-subheading{\nfont-size:15px;\n}\n<\/style>\n<div  class='av-special-heading av-k2xwu9gh-af2a2260213751287e501b76d0201f7f av-special-heading-h1 custom-color-heading blockquote modern-quote modern-centered  avia-builder-el-2  avia-builder-el-no-sibling '><h1 class='av-special-heading-tag '  itemprop=\"headline\"  >Kontakt i wi\u0119cej informacji<\/h1><div class=\"special-heading-border\"><div class=\"special-heading-inner-border\"><\/div><\/div><\/div><\/div><\/div><!--close column table wrapper. Autoclose: 1 -->\n\n<\/div><\/div><\/main><!-- close content main element --><\/div><\/div>\n<style type=\"text\/css\" data-created_by=\"avia_inline_auto\" id=\"style-css-av-367q-ba989aaeb7e00e75e792c7a3d40e1b7f\">\n.avia-section.av-367q-ba989aaeb7e00e75e792c7a3d40e1b7f{\nbackground-color:#f6f6f6;\nbackground-image:unset;\n}\n<\/style>\n<div id='av_section_2'  class='avia-section av-367q-ba989aaeb7e00e75e792c7a3d40e1b7f main_color avia-section-huge avia-no-border-styling  avia-builder-el-3  el_after_av_section  el_before_av_section  avia-bg-style-scroll container_wrap sidebar_right'  ><div class='container av-section-cont-open' ><div class='template-page content  av-content-small alpha units'><div class='post-entry post-entry-type-page post-entry-647'><div class='entry-content-wrapper clearfix'>\n<div class='flex_column_table av-8zrw-5030eaacf48d0e8f6d4e88411690b84a sc-av_three_fourth av-equal-height-column-flextable'>\n<style type=\"text\/css\" data-created_by=\"avia_inline_auto\" id=\"style-css-av-8zrw-5030eaacf48d0e8f6d4e88411690b84a\">\n.flex_column.av-8zrw-5030eaacf48d0e8f6d4e88411690b84a{\nborder-radius:0px 0px 0px 0px;\npadding:0px 0px 0px 0px;\n}\n<\/style>\n<div  class='flex_column av-8zrw-5030eaacf48d0e8f6d4e88411690b84a av_three_fourth  avia-builder-el-4  el_before_av_one_fourth  avia-builder-el-first  first flex_column_table_cell av-equal-height-column av-align-top av-zero-column-padding  '     ><p>\n<style type=\"text\/css\" data-created_by=\"avia_inline_auto\" id=\"style-css-av-av_heading-46b5f003711e4a7c28c260703aac886d\">\n#top .av-special-heading.av-av_heading-46b5f003711e4a7c28c260703aac886d{\npadding-bottom:10px;\n}\nbody .av-special-heading.av-av_heading-46b5f003711e4a7c28c260703aac886d .av-special-heading-tag .heading-char{\nfont-size:25px;\n}\n.av-special-heading.av-av_heading-46b5f003711e4a7c28c260703aac886d .av-subheading{\nfont-size:15px;\n}\n<\/style>\n<div  class='av-special-heading av-av_heading-46b5f003711e4a7c28c260703aac886d av-special-heading-h2 blockquote modern-quote  avia-builder-el-5  el_before_av_textblock  avia-builder-el-first '><h2 class='av-special-heading-tag '  itemprop=\"headline\"  >W czym mo\u017cemy Ci pom\u00f3c?<\/h2><div class=\"special-heading-border\"><div class=\"special-heading-inner-border\"><\/div><\/div><\/div><br \/>\n\n<style type=\"text\/css\" data-created_by=\"avia_inline_auto\" id=\"style-css-av-k2w0em7c-be468b33b9430bf12dae610e1da75f3a\">\n#top .av_textblock_section.av-k2w0em7c-be468b33b9430bf12dae610e1da75f3a .avia_textblock{\ncolor:#0a0a0a;\n}\n<\/style>\n<section  class='av_textblock_section av-k2w0em7c-be468b33b9430bf12dae610e1da75f3a '   itemscope=\"itemscope\" itemtype=\"https:\/\/schema.org\/CreativeWork\" ><div class='avia_textblock av_inherit_color'  itemprop=\"text\" ><p>Jeste\u015bmy Twoim towarzyszem w podr\u00f3\u017cy, kt\u00f3ry inspiruje kreowanie nowych dr\u00f3g, a to wszystko \u017ceby\u015b m\u00f3g\u0142 dostrze\u0107 do celu bez problem\u00f3w i zmartwie\u0144.<\/p>\n<\/div><\/section><br \/>\n<section  class='av_textblock_section av-k2xxdd2u-f9b8b096cea59405e20382bf04ffca0b '   itemscope=\"itemscope\" itemtype=\"https:\/\/schema.org\/CreativeWork\" ><div class='avia_textblock'  itemprop=\"text\" >\n<div class=\"wpcf7 no-js\" id=\"wpcf7-f12194-o1\" lang=\"es-ES\" dir=\"ltr\" data-wpcf7-id=\"12194\">\n<div class=\"screen-reader-response\"><p role=\"status\" aria-live=\"polite\" aria-atomic=\"true\"><\/p> <ul><\/ul><\/div>\n<form action=\"\/pl\/wp-json\/wp\/v2\/pages\/647#wpcf7-f12194-o1\" method=\"post\" class=\"wpcf7-form init\" aria-label=\"Formulario de contacto\" novalidate=\"novalidate\" data-status=\"init\">\n<fieldset class=\"hidden-fields-container\"><input type=\"hidden\" name=\"_wpcf7\" value=\"12194\" \/><input type=\"hidden\" name=\"_wpcf7_version\" value=\"6.1.5\" \/><input type=\"hidden\" name=\"_wpcf7_locale\" value=\"es_ES\" \/><input type=\"hidden\" name=\"_wpcf7_unit_tag\" value=\"wpcf7-f12194-o1\" \/><input type=\"hidden\" name=\"_wpcf7_container_post\" value=\"0\" \/><input type=\"hidden\" name=\"_wpcf7_posted_data_hash\" value=\"\" \/><input type=\"hidden\" name=\"_wpcf7cf_hidden_group_fields\" value=\"[]\" \/><input type=\"hidden\" name=\"_wpcf7cf_hidden_groups\" value=\"[]\" \/><input type=\"hidden\" name=\"_wpcf7cf_visible_groups\" value=\"[]\" \/><input type=\"hidden\" name=\"_wpcf7cf_repeaters\" value=\"[]\" \/><input type=\"hidden\" name=\"_wpcf7cf_steps\" value=\"{}\" \/><input type=\"hidden\" name=\"_wpcf7cf_options\" value=\"{&quot;form_id&quot;:12194,&quot;conditions&quot;:[],&quot;settings&quot;:{&quot;animation&quot;:&quot;yes&quot;,&quot;animation_intime&quot;:200,&quot;animation_outtime&quot;:200,&quot;conditions_ui&quot;:&quot;normal&quot;,&quot;notice_dismissed&quot;:false,&quot;notice_dismissed_rollback-cf7-5.8.5&quot;:true,&quot;notice_dismissed_rollback-cf7-5.8.6&quot;:true,&quot;notice_dismissed_rollback-cf7-5.8.7&quot;:true,&quot;notice_dismissed_rollback-cf7-5.9.2&quot;:true,&quot;notice_dismissed_rollback-cf7-5.9.3&quot;:true,&quot;notice_dismissed_rollback-cf7-5.9.5&quot;:true,&quot;notice_dismissed_rollback-cf7-5.9.7&quot;:true,&quot;notice_dismissed_rollback-cf7-6.0&quot;:true}}\" \/><input type=\"hidden\" name=\"_wpcf7_recaptcha_response\" value=\"\" \/>\n<\/fieldset>\n<div id=\"left\">\n\t<p>NAZWA: <span class=\"wpcf7-form-control-wrap\" data-name=\"nombre\"><input size=\"40\" maxlength=\"400\" class=\"wpcf7-form-control wpcf7-text wpcf7-validates-as-required\" aria-required=\"true\" aria-invalid=\"false\" value=\"\" type=\"text\" name=\"nombre\" \/><\/span>\n\t<\/p>\n<\/div>\n<div id=\"right\">\n\t<p>FIRMA: <span class=\"wpcf7-form-control-wrap\" data-name=\"empresa\"><input size=\"40\" maxlength=\"400\" class=\"wpcf7-form-control wpcf7-text wpcf7-validates-as-required\" aria-required=\"true\" aria-invalid=\"false\" value=\"\" type=\"text\" name=\"empresa\" \/><\/span>\n\t<\/p>\n<\/div>\n<div id=\"left\">\n\t<p>E-MAIL: <span class=\"wpcf7-form-control-wrap\" data-name=\"email\"><input size=\"40\" maxlength=\"400\" class=\"wpcf7-form-control wpcf7-email wpcf7-validates-as-required wpcf7-text wpcf7-validates-as-email\" aria-required=\"true\" aria-invalid=\"false\" value=\"\" type=\"email\" name=\"email\" \/><\/span>\n\t<\/p>\n<\/div>\n<div id=\"right\">\n\t<p>TELEFON: <span class=\"wpcf7-form-control-wrap\" data-name=\"telefono\"><input size=\"40\" maxlength=\"400\" class=\"wpcf7-form-control wpcf7-text wpcf7-validates-as-required\" aria-required=\"true\" aria-invalid=\"false\" value=\"\" type=\"text\" name=\"telefono\" \/><\/span>\n\t<\/p>\n<\/div>\n<p><label>Sk\u0105d si\u0119 o nas dowiedzia\u0142e\u015b\/dowiedzia\u0142a\u015b? <span class=\"wpcf7-form-control-wrap\" data-name=\"origen\"><select class=\"wpcf7-form-control wpcf7-select wpcf7-validates-as-required\" aria-required=\"true\" aria-invalid=\"false\" name=\"origen\"><option value=\"\">&#8212;Por favor, elige una opci\u00f3n&#8212;<\/option><option value=\"Google\">Google<\/option><option value=\"Media spo\u0142eczno\u015bciowe\">Media spo\u0142eczno\u015bciowe<\/option><option value=\"Polecenie\">Polecenie<\/option><\/select><\/span> <\/label>\n<\/p>\n<div id=\"textolegal\">\n\t<p>Vrio (Vrio Mobility S.L.U B73550691 oraz Vrio Mobility Europe S.L.U B05507629) b\u0119dzie przetwarza\u0107 Twoje dane osobowe w celu udzielenia odpowiedzi na przes\u0142ane zapytania. Mo\u017cesz skorzysta\u0107 z prawa dost\u0119pu, sprostowania, usuni\u0119cia i przenoszenia danych, ograniczenia przetwarzania oraz sprzeciwu wobec przetwarzania, a tak\u017ce prawa do niepodlegania decyzjom opartym wy\u0142\u0105cznie na zautomatyzowanym przetwarzaniu danych, je\u015bli ma to zastosowanie, pod adresem e-mail <a href=\"mailto:gdpr@vrioeurope.com\">gdpr@vrioeurope.com<\/a>. Zalecamy zapoznanie si\u0119 z <a href=\"https:\/\/vrioeurope.com\/pl\/polityka-prywatnosci\/\" target=\"_blank\">polityk\u0105 prywatno\u015bci<\/a> przed przekazaniem nam swoich danych osobowych.\n\t<\/p>\n<\/div>\n<p><span class=\"wpcf7-form-control-wrap\" data-name=\"aceptacion-terminos\"><span class=\"wpcf7-form-control wpcf7-acceptance\"><span class=\"wpcf7-list-item\"><label><input type=\"checkbox\" name=\"aceptacion-terminos\" value=\"1\" aria-invalid=\"false\" \/><span class=\"wpcf7-list-item-label\"><span style=\"color: #000000; font-size: 13pt;\">Przeczyta\u0142em(-am) i akceptuj\u0119 warunki <a href=\"https:\/\/vrioeurope.com\/pl\/polityka-prywatnosci\/\" target=\"_blank\">polityki prywatno\u015bci<\/a>.<\/span><\/span><\/label><\/span><\/span><\/span>\n<\/p>\n<div id=\"textolegal\">\n\t<p>Vrio (Vrio Mobility S.L.U B73550691 oraz Vrio Mobility Europe S.L.U B05507629) prosi o wyra\u017cenie zgody na profilowanie, aby m\u00f3c informowa\u0107 Ci\u0119 o nowych produktach i us\u0142ugach firm partnerskich, kt\u00f3re mog\u0105 Ci\u0119 zainteresowa\u0107.\n\t<\/p>\n<\/div>\n<p><span class=\"wpcf7-form-control-wrap\" data-name=\"consentimiento\"><span class=\"wpcf7-form-control wpcf7-checkbox wpcf7-validates-as-required wpcf7-exclusive-checkbox\"><span class=\"wpcf7-list-item first\"><label><input type=\"checkbox\" name=\"consentimiento\" value=\"Wyra\u017cam zgod\u0119\" \/><span class=\"wpcf7-list-item-label\">Wyra\u017cam zgod\u0119<\/span><\/label><\/span><span class=\"wpcf7-list-item last\"><label><input type=\"checkbox\" name=\"consentimiento\" value=\"Nie wyra\u017cam zgody\" \/><span class=\"wpcf7-list-item-label\">Nie wyra\u017cam zgody<\/span><\/label><\/span><\/span><\/span>\n<\/p>\n<p><input class=\"wpcf7-form-control wpcf7-submit has-spinner\" type=\"submit\" value=\"WY\u015aLIJ\" \/>\n<\/p><p style=\"display: none !important;\" class=\"akismet-fields-container\" data-prefix=\"_wpcf7_ak_\"><label>&#916;<textarea name=\"_wpcf7_ak_hp_textarea\" cols=\"45\" rows=\"8\" maxlength=\"100\"><\/textarea><\/label><input type=\"hidden\" id=\"ak_js_1\" name=\"_wpcf7_ak_js\" value=\"209\"\/><script>document.getElementById( \"ak_js_1\" ).setAttribute( \"value\", ( new Date() ).getTime() );<\/script><\/p><div class=\"wpcf7-response-output\" aria-hidden=\"true\"><\/div>\n<\/form>\n<\/div>\n\n<\/div><\/section><\/p><\/div><div class='av-flex-placeholder'><\/div>\n<style type=\"text\/css\" data-created_by=\"avia_inline_auto\" id=\"style-css-av-8zrw-6a10fb510239f036b30c8b7825834165\">\n.flex_column.av-8zrw-6a10fb510239f036b30c8b7825834165{\nborder-radius:0px 0px 0px 0px;\npadding:0px 0px 0px 0px;\n}\n<\/style>\n<div  class='flex_column av-8zrw-6a10fb510239f036b30c8b7825834165 av_one_fourth  avia-builder-el-8  el_after_av_three_fourth  avia-builder-el-last  flex_column_table_cell av-equal-height-column av-align-top av-zero-column-padding  '     ><p>\n<style type=\"text\/css\" data-created_by=\"avia_inline_auto\" id=\"style-css-av-av_heading-a8e2f69ba6a67b31a3c68f756138fddd\">\n#top .av-special-heading.av-av_heading-a8e2f69ba6a67b31a3c68f756138fddd{\npadding-bottom:10px;\n}\nbody .av-special-heading.av-av_heading-a8e2f69ba6a67b31a3c68f756138fddd .av-special-heading-tag .heading-char{\nfont-size:25px;\n}\n.av-special-heading.av-av_heading-a8e2f69ba6a67b31a3c68f756138fddd .av-subheading{\nfont-size:15px;\n}\n<\/style>\n<div  class='av-special-heading av-av_heading-a8e2f69ba6a67b31a3c68f756138fddd av-special-heading-h3 blockquote modern-quote  avia-builder-el-9  el_before_av_textblock  avia-builder-el-first '><h3 class='av-special-heading-tag '  itemprop=\"headline\"  > Dane kontaktowe<\/h3><div class=\"special-heading-border\"><div class=\"special-heading-inner-border\"><\/div><\/div><\/div><br \/>\n\n<style type=\"text\/css\" data-created_by=\"avia_inline_auto\" id=\"style-css-av-k2w0em7c-be468b33b9430bf12dae610e1da75f3a\">\n#top .av_textblock_section.av-k2w0em7c-be468b33b9430bf12dae610e1da75f3a .avia_textblock{\ncolor:#0a0a0a;\n}\n<\/style>\n<section  class='av_textblock_section av-k2w0em7c-be468b33b9430bf12dae610e1da75f3a '   itemscope=\"itemscope\" itemtype=\"https:\/\/schema.org\/CreativeWork\" ><div class='avia_textblock av_inherit_color'  itemprop=\"text\" ><p>Tel: +48 732 123 053<br \/>\nTel: +48 732 123 054<br \/>\nE-mail: info.pl@vrioeurope.com<\/p>\n<\/div><\/section><\/p><\/div><\/div><!--close column table wrapper. Autoclose: 1 --><\/div><\/div><\/div><!-- close content main div --><\/div><\/div>\n<style type=\"text\/css\" data-created_by=\"avia_inline_auto\" id=\"style-css-av-av_section-63f517580bf0200cc745228c31c13642\">\n.avia-section.av-av_section-63f517580bf0200cc745228c31c13642{\nbackground-color:#000000;\nbackground-image:unset;\n}\n<\/style>\n<div id='av_section_3'  class='avia-section av-av_section-63f517580bf0200cc745228c31c13642 main_color avia-section-default avia-no-border-styling  avia-builder-el-11  el_after_av_section  avia-builder-el-last  avia-bg-style-scroll container_wrap sidebar_right'  ><div class='container av-section-cont-open' ><div class='template-page content  av-content-small alpha units'><div class='post-entry post-entry-type-page post-entry-647'><div class='entry-content-wrapper clearfix'>\n\n<style type=\"text\/css\" data-created_by=\"avia_inline_auto\" id=\"style-css-av-av_two_third-fe6bf0944dabf1e1556459291ee0b3bb\">\n.flex_column.av-av_two_third-fe6bf0944dabf1e1556459291ee0b3bb{\nborder-radius:0px 0px 0px 0px;\npadding:0px 0px 0px 0px;\n}\n<\/style>\n<div  class='flex_column av-av_two_third-fe6bf0944dabf1e1556459291ee0b3bb av_two_third  avia-builder-el-12  el_before_av_one_third  avia-builder-el-first  top-0 first flex_column_div av-zero-column-padding  '     ><style type=\"text\/css\" data-created_by=\"avia_inline_auto\" id=\"style-css-av-av_heading-a1ccc8ae3709f03371e6d090603711e1\">\n#top .av-special-heading.av-av_heading-a1ccc8ae3709f03371e6d090603711e1{\npadding-bottom:10px;\ncolor:#ffffff;\n}\nbody .av-special-heading.av-av_heading-a1ccc8ae3709f03371e6d090603711e1 .av-special-heading-tag .heading-char{\nfont-size:25px;\n}\n.av-special-heading.av-av_heading-a1ccc8ae3709f03371e6d090603711e1 .special-heading-inner-border{\nborder-color:#ffffff;\n}\n.av-special-heading.av-av_heading-a1ccc8ae3709f03371e6d090603711e1 .av-subheading{\nfont-size:15px;\n}\n<\/style>\n<div  class='av-special-heading av-av_heading-a1ccc8ae3709f03371e6d090603711e1 av-special-heading-h3 custom-color-heading blockquote modern-quote  avia-builder-el-13  avia-builder-el-no-sibling '><h3 class='av-special-heading-tag '  itemprop=\"headline\"  >Opening &amp;<br \/>\nConnecting<\/h3><div class=\"special-heading-border\"><div class=\"special-heading-inner-border\"><\/div><\/div><\/div><\/div>\n<style type=\"text\/css\" data-created_by=\"avia_inline_auto\" id=\"style-css-av-av_one_third-ea667b969acc93f39b5d7f0a1ec6f5a6\">\n.flex_column.av-av_one_third-ea667b969acc93f39b5d7f0a1ec6f5a6{\nborder-radius:0px 0px 0px 0px;\npadding:0px 0px 0px 0px;\n}\n<\/style>\n<div  class='flex_column av-av_one_third-ea667b969acc93f39b5d7f0a1ec6f5a6 av_one_third  avia-builder-el-14  el_after_av_two_third  avia-builder-el-last  top-0 flex_column_div av-zero-column-padding  '     ><\/div>\n<\/div><\/div><\/div><!-- close content main div --><\/div><\/div><div id='after_section_3'  class='main_color av_default_container_wrap container_wrap sidebar_right'  ><div class='container av-section-cont-open' ><div class='template-page content  av-content-small alpha units'><div class='post-entry post-entry-type-page post-entry-647'><div class='entry-content-wrapper clearfix'><\/p>\n","protected":false},"excerpt":{"rendered":"","protected":false},"author":1,"featured_media":16331,"parent":0,"menu_order":0,"comment_status":"closed","ping_status":"closed","template":"","meta":{"footnotes":""},"class_list":["post-647","page","type-page","status-publish","has-post-thumbnail","hentry"],"yoast_head":"<!-- This site is optimized with the Yoast SEO plugin v27.3 - https:\/\/yoast.com\/product\/yoast-seo-wordpress\/ -->\n<title>Kontakt i wi\u0119cej informacji - Vrio<\/title>\n<meta name=\"description\" content=\"Chcemy by\u0107 Twoim towarzyszem podr\u00f3\u017cy i pomoc\u0105 w znalezieniu nowych \u015bcie\u017cek dla Twojego biznesu. Tworzymy nowe drogi, kt\u00f3re przybli\u017c\u0105 Ci\u0119 do celu szybciej ni\u017c my\u015blisz.\" \/>\n<meta name=\"robots\" content=\"index, follow, max-snippet:-1, max-image-preview:large, max-video-preview:-1\" \/>\n<link rel=\"canonical\" href=\"https:\/\/vrioeurope.com\/pl\/kontakt-i-wiecej-informacji\/\" \/>\n<meta property=\"og:locale\" content=\"pl_PL\" \/>\n<meta property=\"og:type\" content=\"article\" \/>\n<meta property=\"og:title\" content=\"Kontakt i wi\u0119cej informacji - Vrio\" \/>\n<meta property=\"og:description\" content=\"Chcemy by\u0107 Twoim towarzyszem podr\u00f3\u017cy i pomoc\u0105 w znalezieniu nowych \u015bcie\u017cek dla Twojego biznesu. Tworzymy nowe drogi, kt\u00f3re przybli\u017c\u0105 Ci\u0119 do celu szybciej ni\u017c my\u015blisz.\" \/>\n<meta property=\"og:url\" content=\"https:\/\/vrioeurope.com\/pl\/kontakt-i-wiecej-informacji\/\" \/>\n<meta property=\"og:site_name\" content=\"Vrio\" \/>\n<meta property=\"article:modified_time\" content=\"2025-09-10T11:50:43+00:00\" \/>\n<meta property=\"og:image\" content=\"https:\/\/vrioeurope.com\/wp-content\/uploads\/2022\/04\/dst-vrio.jpg\" \/>\n\t<meta property=\"og:image:width\" content=\"700\" \/>\n\t<meta property=\"og:image:height\" content=\"450\" \/>\n\t<meta property=\"og:image:type\" content=\"image\/jpeg\" \/>\n<meta name=\"twitter:card\" content=\"summary_large_image\" \/>\n<meta name=\"twitter:label1\" content=\"Szacowany czas czytania\" \/>\n\t<meta name=\"twitter:data1\" content=\"2 minuty\" \/>\n<script type=\"application\/ld+json\" class=\"yoast-schema-graph\">{\"@context\":\"https:\\\/\\\/schema.org\",\"@graph\":[{\"@type\":\"WebPage\",\"@id\":\"https:\\\/\\\/vrioeurope.com\\\/pl\\\/kontakt-i-wiecej-informacji\\\/\",\"url\":\"https:\\\/\\\/vrioeurope.com\\\/pl\\\/kontakt-i-wiecej-informacji\\\/\",\"name\":\"Kontakt i wi\u0119cej informacji - Vrio\",\"isPartOf\":{\"@id\":\"https:\\\/\\\/vrioeurope.com\\\/pl\\\/#website\"},\"primaryImageOfPage\":{\"@id\":\"https:\\\/\\\/vrioeurope.com\\\/pl\\\/kontakt-i-wiecej-informacji\\\/#primaryimage\"},\"image\":{\"@id\":\"https:\\\/\\\/vrioeurope.com\\\/pl\\\/kontakt-i-wiecej-informacji\\\/#primaryimage\"},\"thumbnailUrl\":\"https:\\\/\\\/vrioeurope.com\\\/wp-content\\\/uploads\\\/2022\\\/04\\\/dst-vrio.jpg\",\"datePublished\":\"2019-11-14T20:35:02+00:00\",\"dateModified\":\"2025-09-10T11:50:43+00:00\",\"description\":\"Chcemy by\u0107 Twoim towarzyszem podr\u00f3\u017cy i pomoc\u0105 w znalezieniu nowych \u015bcie\u017cek dla Twojego biznesu. Tworzymy nowe drogi, kt\u00f3re przybli\u017c\u0105 Ci\u0119 do celu szybciej ni\u017c my\u015blisz.\",\"breadcrumb\":{\"@id\":\"https:\\\/\\\/vrioeurope.com\\\/pl\\\/kontakt-i-wiecej-informacji\\\/#breadcrumb\"},\"inLanguage\":\"pl-PL\",\"potentialAction\":[{\"@type\":\"ReadAction\",\"target\":[\"https:\\\/\\\/vrioeurope.com\\\/pl\\\/kontakt-i-wiecej-informacji\\\/\"]}]},{\"@type\":\"ImageObject\",\"inLanguage\":\"pl-PL\",\"@id\":\"https:\\\/\\\/vrioeurope.com\\\/pl\\\/kontakt-i-wiecej-informacji\\\/#primaryimage\",\"url\":\"https:\\\/\\\/vrioeurope.com\\\/wp-content\\\/uploads\\\/2022\\\/04\\\/dst-vrio.jpg\",\"contentUrl\":\"https:\\\/\\\/vrioeurope.com\\\/wp-content\\\/uploads\\\/2022\\\/04\\\/dst-vrio.jpg\",\"width\":700,\"height\":450},{\"@type\":\"BreadcrumbList\",\"@id\":\"https:\\\/\\\/vrioeurope.com\\\/pl\\\/kontakt-i-wiecej-informacji\\\/#breadcrumb\",\"itemListElement\":[{\"@type\":\"ListItem\",\"position\":1,\"name\":\"Portada\",\"item\":\"https:\\\/\\\/vrioeurope.com\\\/pl\\\/\"},{\"@type\":\"ListItem\",\"position\":2,\"name\":\"Kontakt i wi\u0119cej informacji\"}]},{\"@type\":\"WebSite\",\"@id\":\"https:\\\/\\\/vrioeurope.com\\\/pl\\\/#website\",\"url\":\"https:\\\/\\\/vrioeurope.com\\\/pl\\\/\",\"name\":\"Vrio\",\"description\":\"Tu partner de movilidad\",\"potentialAction\":[{\"@type\":\"SearchAction\",\"target\":{\"@type\":\"EntryPoint\",\"urlTemplate\":\"https:\\\/\\\/vrioeurope.com\\\/pl\\\/?s={search_term_string}\"},\"query-input\":{\"@type\":\"PropertyValueSpecification\",\"valueRequired\":true,\"valueName\":\"search_term_string\"}}],\"inLanguage\":\"pl-PL\"}]}<\/script>\n<!-- \/ Yoast SEO plugin. -->","yoast_head_json":{"title":"Kontakt i wi\u0119cej informacji - Vrio","description":"Chcemy by\u0107 Twoim towarzyszem podr\u00f3\u017cy i pomoc\u0105 w znalezieniu nowych \u015bcie\u017cek dla Twojego biznesu. Tworzymy nowe drogi, kt\u00f3re przybli\u017c\u0105 Ci\u0119 do celu szybciej ni\u017c my\u015blisz.","robots":{"index":"index","follow":"follow","max-snippet":"max-snippet:-1","max-image-preview":"max-image-preview:large","max-video-preview":"max-video-preview:-1"},"canonical":"https:\/\/vrioeurope.com\/pl\/kontakt-i-wiecej-informacji\/","og_locale":"pl_PL","og_type":"article","og_title":"Kontakt i wi\u0119cej informacji - Vrio","og_description":"Chcemy by\u0107 Twoim towarzyszem podr\u00f3\u017cy i pomoc\u0105 w znalezieniu nowych \u015bcie\u017cek dla Twojego biznesu. Tworzymy nowe drogi, kt\u00f3re przybli\u017c\u0105 Ci\u0119 do celu szybciej ni\u017c my\u015blisz.","og_url":"https:\/\/vrioeurope.com\/pl\/kontakt-i-wiecej-informacji\/","og_site_name":"Vrio","article_modified_time":"2025-09-10T11:50:43+00:00","og_image":[{"width":700,"height":450,"url":"https:\/\/vrioeurope.com\/wp-content\/uploads\/2022\/04\/dst-vrio.jpg","type":"image\/jpeg"}],"twitter_card":"summary_large_image","twitter_misc":{"Szacowany czas czytania":"2 minuty"},"schema":{"@context":"https:\/\/schema.org","@graph":[{"@type":"WebPage","@id":"https:\/\/vrioeurope.com\/pl\/kontakt-i-wiecej-informacji\/","url":"https:\/\/vrioeurope.com\/pl\/kontakt-i-wiecej-informacji\/","name":"Kontakt i wi\u0119cej informacji - Vrio","isPartOf":{"@id":"https:\/\/vrioeurope.com\/pl\/#website"},"primaryImageOfPage":{"@id":"https:\/\/vrioeurope.com\/pl\/kontakt-i-wiecej-informacji\/#primaryimage"},"image":{"@id":"https:\/\/vrioeurope.com\/pl\/kontakt-i-wiecej-informacji\/#primaryimage"},"thumbnailUrl":"https:\/\/vrioeurope.com\/wp-content\/uploads\/2022\/04\/dst-vrio.jpg","datePublished":"2019-11-14T20:35:02+00:00","dateModified":"2025-09-10T11:50:43+00:00","description":"Chcemy by\u0107 Twoim towarzyszem podr\u00f3\u017cy i pomoc\u0105 w znalezieniu nowych \u015bcie\u017cek dla Twojego biznesu. Tworzymy nowe drogi, kt\u00f3re przybli\u017c\u0105 Ci\u0119 do celu szybciej ni\u017c my\u015blisz.","breadcrumb":{"@id":"https:\/\/vrioeurope.com\/pl\/kontakt-i-wiecej-informacji\/#breadcrumb"},"inLanguage":"pl-PL","potentialAction":[{"@type":"ReadAction","target":["https:\/\/vrioeurope.com\/pl\/kontakt-i-wiecej-informacji\/"]}]},{"@type":"ImageObject","inLanguage":"pl-PL","@id":"https:\/\/vrioeurope.com\/pl\/kontakt-i-wiecej-informacji\/#primaryimage","url":"https:\/\/vrioeurope.com\/wp-content\/uploads\/2022\/04\/dst-vrio.jpg","contentUrl":"https:\/\/vrioeurope.com\/wp-content\/uploads\/2022\/04\/dst-vrio.jpg","width":700,"height":450},{"@type":"BreadcrumbList","@id":"https:\/\/vrioeurope.com\/pl\/kontakt-i-wiecej-informacji\/#breadcrumb","itemListElement":[{"@type":"ListItem","position":1,"name":"Portada","item":"https:\/\/vrioeurope.com\/pl\/"},{"@type":"ListItem","position":2,"name":"Kontakt i wi\u0119cej informacji"}]},{"@type":"WebSite","@id":"https:\/\/vrioeurope.com\/pl\/#website","url":"https:\/\/vrioeurope.com\/pl\/","name":"Vrio","description":"Tu partner de movilidad","potentialAction":[{"@type":"SearchAction","target":{"@type":"EntryPoint","urlTemplate":"https:\/\/vrioeurope.com\/pl\/?s={search_term_string}"},"query-input":{"@type":"PropertyValueSpecification","valueRequired":true,"valueName":"search_term_string"}}],"inLanguage":"pl-PL"}]}},"_links":{"self":[{"href":"https:\/\/vrioeurope.com\/pl\/wp-json\/wp\/v2\/pages\/647","targetHints":{"allow":["GET"]}}],"collection":[{"href":"https:\/\/vrioeurope.com\/pl\/wp-json\/wp\/v2\/pages"}],"about":[{"href":"https:\/\/vrioeurope.com\/pl\/wp-json\/wp\/v2\/types\/page"}],"author":[{"embeddable":true,"href":"https:\/\/vrioeurope.com\/pl\/wp-json\/wp\/v2\/users\/1"}],"replies":[{"embeddable":true,"href":"https:\/\/vrioeurope.com\/pl\/wp-json\/wp\/v2\/comments?post=647"}],"version-history":[{"count":20,"href":"https:\/\/vrioeurope.com\/pl\/wp-json\/wp\/v2\/pages\/647\/revisions"}],"predecessor-version":[{"id":75161,"href":"https:\/\/vrioeurope.com\/pl\/wp-json\/wp\/v2\/pages\/647\/revisions\/75161"}],"wp:featuredmedia":[{"embeddable":true,"href":"https:\/\/vrioeurope.com\/pl\/wp-json\/wp\/v2\/media\/16331"}],"wp:attachment":[{"href":"https:\/\/vrioeurope.com\/pl\/wp-json\/wp\/v2\/media?parent=647"}],"curies":[{"name":"wp","href":"https:\/\/api.w.org\/{rel}","templated":true}]}}