{"id":45635,"date":"2025-04-16T12:53:35","date_gmt":"2025-04-16T10:53:35","guid":{"rendered":"https:\/\/vrioeurope.com\/?page_id=45635"},"modified":"2025-04-16T12:53:35","modified_gmt":"2025-04-16T10:53:35","slug":"zaoszczedz-przy-kazdym-tankowaniu-3","status":"publish","type":"page","link":"https:\/\/vrioeurope.com\/pl\/zaoszczedz-przy-kazdym-tankowaniu-3\/","title":{"rendered":"Zaoszcz\u0119d\u017a przy ka\u017cdym tankowaniu"},"content":{"rendered":"\n<style type=\"text\/css\" data-created_by=\"avia_inline_auto\" id=\"style-css-av-l6c5nxvp-6b8b5137cbcdbc0fa9e5744860c7f33e\">\n.avia-section.av-l6c5nxvp-6b8b5137cbcdbc0fa9e5744860c7f33e{\nbackground-color:#f4d9c6;\nbackground-image:unset;\n}\n<\/style>\n<div id='av_section_1'  class='avia-section av-l6c5nxvp-6b8b5137cbcdbc0fa9e5744860c7f33e main_color avia-section-default avia-no-border-styling  avia-builder-el-0  el_before_av_section  avia-builder-el-first  avia-bg-style-scroll container_wrap sidebar_right'  ><div class='container av-section-cont-open' ><main  role=\"main\" itemprop=\"mainContentOfPage\"  class='template-page content  av-content-small alpha units'><div class='post-entry post-entry-type-page post-entry-45635'><div class='entry-content-wrapper clearfix'>\n<div class='flex_column_table av-1bhv6np-948c334dd7f9d538863739cced7fb2d7 sc-av_one_half av-equal-height-column-flextable'>\n<style type=\"text\/css\" data-created_by=\"avia_inline_auto\" id=\"style-css-av-1bhv6np-948c334dd7f9d538863739cced7fb2d7\">\n.flex_column.av-1bhv6np-948c334dd7f9d538863739cced7fb2d7{\nborder-width:2px;\nborder-color:#fd6433;\nborder-style:solid;\nborder-radius:5px 5px 5px 5px;\npadding:2% 2% 2% 3%;\nbackground-color:#ffffff;\n}\n<\/style>\n<div  class='flex_column av-1bhv6np-948c334dd7f9d538863739cced7fb2d7 av_one_half  avia-builder-el-1  el_before_av_one_half  avia-builder-el-first  first flex_column_table_cell av-equal-height-column av-align-middle av-animated-generic bottom-to-top  '     ><style type=\"text\/css\" data-created_by=\"avia_inline_auto\" id=\"style-css-av-kdft4c97-e16bdb44bccb740866bd93226ea0bc89\">\n#top .av_textblock_section.av-kdft4c97-e16bdb44bccb740866bd93226ea0bc89 .avia_textblock{\ncolor:#fd6433;\n}\n\n@media only screen and (min-width: 768px) and (max-width: 989px){ \n#top .av_textblock_section.av-kdft4c97-e16bdb44bccb740866bd93226ea0bc89 .avia_textblock{\nfont-size:17px;\n}\n}\n<\/style>\n<section  class='av_textblock_section av-kdft4c97-e16bdb44bccb740866bd93226ea0bc89 '   itemscope=\"itemscope\" itemtype=\"https:\/\/schema.org\/CreativeWork\" ><div class='avia_textblock av_inherit_color'  itemprop=\"text\" ><div class=\"sc-AxirZ jIEocJ\">\n<div class=\"sc-AxirZ LCAuO\">\n<div id=\"css-content\" class=\"sc-AxirZ kRAVbq\">\n<div class=\"sc-AxhUy crXrYf\">WYPE\u0141NIJ NASZ FORMULARZ<\/div>\n<\/div>\n<\/div>\n<\/div>\n<\/div><\/section><br \/>\n\n<style type=\"text\/css\" data-created_by=\"avia_inline_auto\" id=\"style-css-av-av_heading-8b93ac35837297c5bdaa05a2ed7b0087\">\n#top .av-special-heading.av-av_heading-8b93ac35837297c5bdaa05a2ed7b0087{\nmargin:0 0 0 0;\npadding-bottom:20px;\nfont-size:25px;\n}\nbody .av-special-heading.av-av_heading-8b93ac35837297c5bdaa05a2ed7b0087 .av-special-heading-tag .heading-char{\nfont-size:25px;\n}\n#top #wrap_all .av-special-heading.av-av_heading-8b93ac35837297c5bdaa05a2ed7b0087 .av-special-heading-tag{\nfont-size:25px;\n}\n.av-special-heading.av-av_heading-8b93ac35837297c5bdaa05a2ed7b0087 .av-subheading{\nfont-size:15px;\n}\n\n@media only screen and (min-width: 480px) and (max-width: 767px){ \n#top #wrap_all .av-special-heading.av-av_heading-8b93ac35837297c5bdaa05a2ed7b0087 .av-special-heading-tag{\nfont-size:0.8em;\n}\n}\n\n@media only screen and (max-width: 479px){ \n#top #wrap_all .av-special-heading.av-av_heading-8b93ac35837297c5bdaa05a2ed7b0087 .av-special-heading-tag{\nfont-size:0.8em;\n}\n}\n<\/style>\n<div  class='av-special-heading av-av_heading-8b93ac35837297c5bdaa05a2ed7b0087 av-special-heading-h1 blockquote modern-quote  avia-builder-el-3  el_after_av_textblock  el_before_av_textblock  force-kern-regular av-inherit-size'><h1 class='av-special-heading-tag '  itemprop=\"headline\"  >Poznaj swoje zni\u017cki<\/h1><div class=\"special-heading-border\"><div class=\"special-heading-inner-border\"><\/div><\/div><\/div><br \/>\n<section  class='av_textblock_section av-l6c6tdi6-78eafd192658a829a7764ed25ba1279b '   itemscope=\"itemscope\" itemtype=\"https:\/\/schema.org\/CreativeWork\" ><div class='avia_textblock'  itemprop=\"text\" >\n<div class=\"wpcf7 no-js\" id=\"wpcf7-f18983-o1\" lang=\"es-ES\" dir=\"ltr\" data-wpcf7-id=\"18983\">\n<div class=\"screen-reader-response\"><p role=\"status\" aria-live=\"polite\" aria-atomic=\"true\"><\/p> <ul><\/ul><\/div>\n<form action=\"\/pl\/wp-json\/wp\/v2\/pages\/45635#wpcf7-f18983-o1\" method=\"post\" class=\"wpcf7-form init\" aria-label=\"Formulario de contacto\" novalidate=\"novalidate\" data-status=\"init\">\n<fieldset class=\"hidden-fields-container\"><input type=\"hidden\" name=\"_wpcf7\" value=\"18983\" \/><input type=\"hidden\" name=\"_wpcf7_version\" value=\"6.1.5\" \/><input type=\"hidden\" name=\"_wpcf7_locale\" value=\"es_ES\" \/><input type=\"hidden\" name=\"_wpcf7_unit_tag\" value=\"wpcf7-f18983-o1\" \/><input type=\"hidden\" name=\"_wpcf7_container_post\" value=\"0\" \/><input type=\"hidden\" name=\"_wpcf7_posted_data_hash\" value=\"\" \/><input type=\"hidden\" name=\"_wpcf7cf_hidden_group_fields\" value=\"[]\" \/><input type=\"hidden\" name=\"_wpcf7cf_hidden_groups\" value=\"[]\" \/><input type=\"hidden\" name=\"_wpcf7cf_visible_groups\" value=\"[]\" \/><input type=\"hidden\" name=\"_wpcf7cf_repeaters\" value=\"[]\" \/><input type=\"hidden\" name=\"_wpcf7cf_steps\" value=\"{}\" \/><input type=\"hidden\" name=\"_wpcf7cf_options\" value=\"{&quot;form_id&quot;:18983,&quot;conditions&quot;:[],&quot;settings&quot;:{&quot;animation&quot;:&quot;yes&quot;,&quot;animation_intime&quot;:200,&quot;animation_outtime&quot;:200,&quot;conditions_ui&quot;:&quot;normal&quot;,&quot;notice_dismissed&quot;:false,&quot;notice_dismissed_rollback-cf7-5.8.5&quot;:true,&quot;notice_dismissed_rollback-cf7-5.8.6&quot;:true,&quot;notice_dismissed_rollback-cf7-5.8.7&quot;:true,&quot;notice_dismissed_rollback-cf7-5.9.2&quot;:true,&quot;notice_dismissed_rollback-cf7-5.9.3&quot;:true,&quot;notice_dismissed_rollback-cf7-5.9.5&quot;:true,&quot;notice_dismissed_rollback-cf7-5.9.7&quot;:true,&quot;notice_dismissed_rollback-cf7-6.0&quot;:true}}\" \/><input type=\"hidden\" name=\"_wpcf7_recaptcha_response\" value=\"\" \/>\n<\/fieldset>\n<table class=\"clean-table\" style=\"background-color:transparent;\">\n\t<tr style=\"background-color:transparent;\">\n\t\t<td>\n\t\t\t<p><label><span class=\"wpcf7-form-control-wrap\" data-name=\"nombre\"><input size=\"40\" maxlength=\"400\" class=\"wpcf7-form-control wpcf7-text wpcf7-validates-as-required\" aria-required=\"true\" aria-invalid=\"false\" placeholder=\"Imi\u0119*\" value=\"\" type=\"text\" name=\"nombre\" \/><\/span><\/label>\n\t\t\t<\/p>\n\t\t<\/td>\n\t<\/tr>\n\t<tr style=\"background-color:transparent;\">\n\t\t<td>\n\t\t\t<p><label><span class=\"wpcf7-form-control-wrap\" data-name=\"empresa\"><input size=\"40\" maxlength=\"400\" class=\"wpcf7-form-control wpcf7-text\" aria-invalid=\"false\" placeholder=\"Nazwa firmy\" value=\"\" type=\"text\" name=\"empresa\" \/><\/span><\/label>\n\t\t\t<\/p>\n\t\t<\/td>\n\t<\/tr>\n\t<tr style=\"background-color:transparent;\">\n\t\t<td>\n\t\t\t<p><label><span class=\"wpcf7-form-control-wrap\" data-name=\"email\"><input size=\"40\" maxlength=\"400\" class=\"wpcf7-form-control wpcf7-email wpcf7-validates-as-required wpcf7-text wpcf7-validates-as-email\" aria-required=\"true\" aria-invalid=\"false\" placeholder=\"E-mail*\" value=\"\" type=\"email\" name=\"email\" \/><\/span><\/label>\n\t\t\t<\/p>\n\t\t<\/td>\n\t<\/tr>\n\t<tr style=\"background-color:transparent;\">\n\t\t<td>\n\t\t\t<p><label><span class=\"wpcf7-form-control-wrap\" data-name=\"telefono\"><input size=\"40\" maxlength=\"400\" class=\"wpcf7-form-control wpcf7-text\" aria-invalid=\"false\" placeholder=\"Telefon\" value=\"\" type=\"text\" name=\"telefono\" \/><\/span> <\/label>\n\t\t\t<\/p>\n\t\t<\/td>\n\t<\/tr>\n\t<tr style=\"background-color:transparent;\">\n\t\t<td>\n\t\t\t<p><label><span class=\"wpcf7-form-control-wrap\" data-name=\"aceptacion-terminos\"><span class=\"wpcf7-form-control wpcf7-acceptance\"><span class=\"wpcf7-list-item\"><label><input type=\"checkbox\" name=\"aceptacion-terminos\" value=\"1\" aria-invalid=\"false\" \/><span class=\"wpcf7-list-item-label\">Akceptuj\u0119 warunki prywatno\u015bci.<\/span><\/label><\/span><\/span><\/span><\/label>\n\t\t\t<\/p>\n\t\t<\/td>\n\t<\/tr>\n\t<tr style=\"background-color:transparent;\">\n\t\t<td>\n\t\t\t<p><input class=\"wpcf7-form-control wpcf7-submit has-spinner\" type=\"submit\" value=\"Wy\u015blij\" \/>\n\t\t\t<\/p>\n\t\t<\/td>\n\t<\/tr>\n<\/table><p style=\"display: none !important;\" class=\"akismet-fields-container\" data-prefix=\"_wpcf7_ak_\"><label>&#916;<textarea name=\"_wpcf7_ak_hp_textarea\" cols=\"45\" rows=\"8\" maxlength=\"100\"><\/textarea><\/label><input type=\"hidden\" id=\"ak_js_1\" name=\"_wpcf7_ak_js\" value=\"25\"\/><script>document.getElementById( \"ak_js_1\" ).setAttribute( \"value\", ( new Date() ).getTime() );<\/script><\/p><div class=\"wpcf7-response-output\" aria-hidden=\"true\"><\/div>\n<\/form>\n<\/div>\n\n<\/div><\/section><br \/>\n\n<style type=\"text\/css\" data-created_by=\"avia_inline_auto\" id=\"style-css-av-k2w0em7c-9adae3b4c53ccac062066d6fe796f942\">\n#top .av_textblock_section.av-k2w0em7c-9adae3b4c53ccac062066d6fe796f942 .avia_textblock{\nfont-size:10px;\ncolor:#0a0a0a;\n}\n<\/style>\n<section  class='av_textblock_section av-k2w0em7c-9adae3b4c53ccac062066d6fe796f942 '   itemscope=\"itemscope\" itemtype=\"https:\/\/schema.org\/CreativeWork\" ><div class='avia_textblock av_inherit_color'  itemprop=\"text\" ><p>WARUNKI PRYWATNO\u015aCI:<\/p>\n<p>Informujemy, \u017ce zgodnie z rozporz\u0105dzeniem UE 679 dotycz\u0105cym ochrony danych osobowych Twoje dane osobowe b\u0119d\u0105 przetwarzane w celu przesy\u0142ania informacji zwi\u0105zanych z produktami i us\u0142ugami oferowanymi przez Vrio (Vrio Mobility SLU, Vrio Mobility Europe SLU), a tak\u017ce przeprowadzanie odpowiedniej komunikacji, kt\u00f3ra mo\u017ce mie\u0107 wp\u0142yw lub interesowa\u0107 Ci\u0119. Twoje dane nie zostan\u0105 przekazane stronom trzecim i b\u0119d\u0105 przechowywane przez okres nie d\u0142u\u017cszy ni\u017c 5 lat. Mo\u017cesz skorzysta\u0107 z prawa dost\u0119pu do swoich danych osobowych, ich poprawiania, anulowania lub odmowy, kontaktuj\u0105c si\u0119 z gdpr@vrioeurope.com.<\/p>\n<\/div><\/section><\/p><\/div><div class='av-flex-placeholder'><\/div>\n<style type=\"text\/css\" data-created_by=\"avia_inline_auto\" id=\"style-css-av-rjd9th-ea6ad76d573e3b620c7b820afb6bdde3\">\n.flex_column.av-rjd9th-ea6ad76d573e3b620c7b820afb6bdde3{\nborder-radius:0px 0px 0px 0px;\npadding:2% 2% 2% 2%;\n}\n<\/style>\n<div  class='flex_column av-rjd9th-ea6ad76d573e3b620c7b820afb6bdde3 av_one_half  avia-builder-el-6  el_after_av_one_half  avia-builder-el-last  flex_column_table_cell av-equal-height-column av-align-middle  '     ><p>\n<style type=\"text\/css\" data-created_by=\"avia_inline_auto\" id=\"style-css-av-l6c65h8i-004992a00b84dba269bba0da412a2daf\">\n.avia-image-container.av-l6c65h8i-004992a00b84dba269bba0da412a2daf img.avia_image{\nbox-shadow:none;\n}\n.avia-image-container.av-l6c65h8i-004992a00b84dba269bba0da412a2daf .av-image-caption-overlay-center{\ncolor:#ffffff;\n}\n<\/style>\n<div  class='avia-image-container av-l6c65h8i-004992a00b84dba269bba0da412a2daf av-styling- avia-align-center  avia-builder-el-7  el_before_av_textblock  avia-builder-el-first '   itemprop=\"image\" itemscope=\"itemscope\" itemtype=\"https:\/\/schema.org\/ImageObject\" ><div class=\"avia-image-container-inner\"><div class=\"avia-image-overlay-wrap\"><img decoding=\"async\" fetchpriority=\"high\" class='wp-image-18976 avia-img-lazy-loading-not-18976 avia_image ' src=\"https:\/\/vrioeurope.com\/wp-content\/uploads\/2022\/08\/tarjetas-landing-pol.png\" alt='' title='tarjetas-landing-pol'  height=\"750\" width=\"897\"  itemprop=\"thumbnailUrl\" srcset=\"https:\/\/vrioeurope.com\/wp-content\/uploads\/2022\/08\/tarjetas-landing-pol.png 897w, https:\/\/vrioeurope.com\/wp-content\/uploads\/2022\/08\/tarjetas-landing-pol-600x502.png 600w, https:\/\/vrioeurope.com\/wp-content\/uploads\/2022\/08\/tarjetas-landing-pol-300x251.png 300w, https:\/\/vrioeurope.com\/wp-content\/uploads\/2022\/08\/tarjetas-landing-pol-768x642.png 768w, https:\/\/vrioeurope.com\/wp-content\/uploads\/2022\/08\/tarjetas-landing-pol-705x589.png 705w\" sizes=\"(max-width: 897px) 100vw, 897px\" \/><\/div><\/div><\/div><br \/>\n\n<style type=\"text\/css\" data-created_by=\"avia_inline_auto\" id=\"style-css-av-k2w0em7c-9adae3b4c53ccac062066d6fe796f942\">\n#top .av_textblock_section.av-k2w0em7c-9adae3b4c53ccac062066d6fe796f942 .avia_textblock{\nfont-size:10px;\ncolor:#0a0a0a;\n}\n<\/style>\n<section  class='av_textblock_section av-k2w0em7c-9adae3b4c53ccac062066d6fe796f942 '   itemscope=\"itemscope\" itemtype=\"https:\/\/schema.org\/CreativeWork\" ><div class='avia_textblock av_inherit_color'  itemprop=\"text\" ><ul style=\"list-style-type: square;\">\n<li><em><span style=\"font-size: 13pt;\">Sprawd\u017a cen\u0119 online na platformie Vrio Copilot<\/span><\/em><\/li>\n<li><em><span style=\"font-size: 13pt;\">Aktualne ceny wysy\u0142ane s\u0105 co tydzie\u0144<\/span><\/em><\/li>\n<li><em><span style=\"font-size: 13pt;\">Bezpo\u015bredni kontakt z opiekunem klienta<\/span><\/em><\/li>\n<\/ul>\n<\/div><\/section><\/p><\/div><\/div><!--close column table wrapper. Autoclose: 1 -->\n\n<\/div><\/div><\/main><!-- close content main element --><\/div><\/div>\n<style type=\"text\/css\" data-created_by=\"avia_inline_auto\" id=\"style-css-av-av_section-63f517580bf0200cc745228c31c13642\">\n.avia-section.av-av_section-63f517580bf0200cc745228c31c13642{\nbackground-color:#000000;\nbackground-image:unset;\n}\n<\/style>\n<div id='av_section_2'  class='avia-section av-av_section-63f517580bf0200cc745228c31c13642 main_color avia-section-default avia-no-border-styling  avia-builder-el-9  el_after_av_section  avia-builder-el-last  avia-bg-style-scroll container_wrap sidebar_right'  ><div class='container av-section-cont-open' ><div class='template-page content  av-content-small alpha units'><div class='post-entry post-entry-type-page post-entry-45635'><div class='entry-content-wrapper clearfix'>\n\n<style type=\"text\/css\" data-created_by=\"avia_inline_auto\" id=\"style-css-av-av_one_fourth-fe6bf0944dabf1e1556459291ee0b3bb\">\n.flex_column.av-av_one_fourth-fe6bf0944dabf1e1556459291ee0b3bb{\nborder-radius:0px 0px 0px 0px;\npadding:0px 0px 0px 0px;\n}\n<\/style>\n<div  class='flex_column av-av_one_fourth-fe6bf0944dabf1e1556459291ee0b3bb av_one_fourth  avia-builder-el-10  el_before_av_two_fifth  avia-builder-el-first  top-0 first flex_column_div av-zero-column-padding  '     ><style type=\"text\/css\" data-created_by=\"avia_inline_auto\" id=\"style-css-av-av_heading-a1ccc8ae3709f03371e6d090603711e1\">\n#top .av-special-heading.av-av_heading-a1ccc8ae3709f03371e6d090603711e1{\npadding-bottom:10px;\ncolor:#ffffff;\n}\nbody .av-special-heading.av-av_heading-a1ccc8ae3709f03371e6d090603711e1 .av-special-heading-tag .heading-char{\nfont-size:25px;\n}\n.av-special-heading.av-av_heading-a1ccc8ae3709f03371e6d090603711e1 .special-heading-inner-border{\nborder-color:#ffffff;\n}\n.av-special-heading.av-av_heading-a1ccc8ae3709f03371e6d090603711e1 .av-subheading{\nfont-size:15px;\n}\n<\/style>\n<div  class='av-special-heading av-av_heading-a1ccc8ae3709f03371e6d090603711e1 av-special-heading-h3 custom-color-heading blockquote modern-quote  avia-builder-el-11  avia-builder-el-no-sibling '><h3 class='av-special-heading-tag '  itemprop=\"headline\"  >Opening &amp;<br \/>\nConnecting<\/h3><div class=\"special-heading-border\"><div class=\"special-heading-inner-border\"><\/div><\/div><\/div><\/div>\n<style type=\"text\/css\" data-created_by=\"avia_inline_auto\" id=\"style-css-av-av_two_fifth-ea667b969acc93f39b5d7f0a1ec6f5a6\">\n.flex_column.av-av_two_fifth-ea667b969acc93f39b5d7f0a1ec6f5a6{\nborder-radius:0px 0px 0px 0px;\npadding:0px 0px 0px 0px;\n}\n<\/style>\n<div  class='flex_column av-av_two_fifth-ea667b969acc93f39b5d7f0a1ec6f5a6 av_two_fifth  avia-builder-el-12  el_after_av_one_fourth  el_before_av_one_third  top-0 flex_column_div av-zero-column-padding  '     ><style type=\"text\/css\" data-created_by=\"avia_inline_auto\" id=\"style-css-av-av_image-2a29bbe6c54101276c4a2d6a6017b037\">\n.avia-image-container.av-av_image-2a29bbe6c54101276c4a2d6a6017b037 img.avia_image{\nbox-shadow:none;\n}\n.avia-image-container.av-av_image-2a29bbe6c54101276c4a2d6a6017b037 .av-image-caption-overlay-center{\ncolor:#ffffff;\n}\n<\/style>\n<div  class='avia-image-container av-av_image-2a29bbe6c54101276c4a2d6a6017b037 av-styling- avia-align-center  avia-builder-el-13  avia-builder-el-no-sibling '   itemprop=\"image\" itemscope=\"itemscope\" itemtype=\"https:\/\/schema.org\/ImageObject\" ><div class=\"avia-image-container-inner\"><div class=\"avia-image-overlay-wrap\"><img decoding=\"async\" fetchpriority=\"high\" class='wp-image-31266 avia-img-lazy-loading-not-31266 avia_image ' src=\"https:\/\/vrioeurope.com\/wp-content\/uploads\/2023\/12\/info-feder-cempresarial.png\" alt='' title='info-feder-cempresarial'  height=\"101\" width=\"467\"  itemprop=\"thumbnailUrl\" srcset=\"https:\/\/vrioeurope.com\/wp-content\/uploads\/2023\/12\/info-feder-cempresarial.png 467w, https:\/\/vrioeurope.com\/wp-content\/uploads\/2023\/12\/info-feder-cempresarial-300x65.png 300w\" sizes=\"(max-width: 467px) 100vw, 467px\" \/><\/div><\/div><\/div><\/div>\n<style type=\"text\/css\" data-created_by=\"avia_inline_auto\" id=\"style-css-av-av_one_third-ea667b969acc93f39b5d7f0a1ec6f5a6\">\n.flex_column.av-av_one_third-ea667b969acc93f39b5d7f0a1ec6f5a6{\nborder-radius:0px 0px 0px 0px;\npadding:0px 0px 0px 0px;\n}\n<\/style>\n<div  class='flex_column av-av_one_third-ea667b969acc93f39b5d7f0a1ec6f5a6 av_one_third  avia-builder-el-14  el_after_av_two_fifth  avia-builder-el-last  top-0 flex_column_div av-zero-column-padding  '     ><\/div>\n<\/div><\/div><\/div><!-- close content main div --><\/div><\/div><div id='after_section_2'  class='main_color av_default_container_wrap container_wrap sidebar_right'  ><div class='container av-section-cont-open' ><div class='template-page content  av-content-small alpha units'><div class='post-entry post-entry-type-page post-entry-45635'><div class='entry-content-wrapper clearfix'>\n","protected":false},"excerpt":{"rendered":"","protected":false},"author":7,"featured_media":45943,"parent":0,"menu_order":0,"comment_status":"closed","ping_status":"closed","template":"","meta":{"footnotes":""},"class_list":["post-45635","page","type-page","status-publish","has-post-thumbnail","hentry"],"yoast_head":"<!-- This site is optimized with the Yoast SEO plugin v27.3 - https:\/\/yoast.com\/product\/yoast-seo-wordpress\/ -->\n<title>Zaoszcz\u0119d\u017a przy ka\u017cdym tankowaniu - Vrio<\/title>\n<meta name=\"robots\" content=\"index, follow, max-snippet:-1, max-image-preview:large, max-video-preview:-1\" \/>\n<link rel=\"canonical\" href=\"https:\/\/vrioeurope.com\/pl\/zaoszczedz-przy-kazdym-tankowaniu-3\/\" \/>\n<meta property=\"og:locale\" content=\"pl_PL\" \/>\n<meta property=\"og:type\" content=\"article\" \/>\n<meta property=\"og:title\" content=\"Zaoszcz\u0119d\u017a przy ka\u017cdym tankowaniu - Vrio\" \/>\n<meta property=\"og:url\" content=\"https:\/\/vrioeurope.com\/pl\/zaoszczedz-przy-kazdym-tankowaniu-3\/\" \/>\n<meta property=\"og:site_name\" content=\"Vrio\" \/>\n<meta property=\"og:image\" content=\"https:\/\/vrioeurope.com\/wp-content\/uploads\/2024\/11\/dst-blackfriday.webp\" \/>\n\t<meta property=\"og:image:width\" content=\"700\" \/>\n\t<meta property=\"og:image:height\" content=\"450\" \/>\n\t<meta property=\"og:image:type\" content=\"image\/webp\" \/>\n<meta name=\"twitter:card\" content=\"summary_large_image\" \/>\n<meta name=\"twitter:label1\" content=\"Szacowany czas czytania\" \/>\n\t<meta name=\"twitter:data1\" content=\"1 minuta\" \/>\n<script type=\"application\/ld+json\" class=\"yoast-schema-graph\">{\"@context\":\"https:\\\/\\\/schema.org\",\"@graph\":[{\"@type\":\"WebPage\",\"@id\":\"https:\\\/\\\/vrioeurope.com\\\/pl\\\/zaoszczedz-przy-kazdym-tankowaniu-3\\\/\",\"url\":\"https:\\\/\\\/vrioeurope.com\\\/pl\\\/zaoszczedz-przy-kazdym-tankowaniu-3\\\/\",\"name\":\"Zaoszcz\u0119d\u017a przy ka\u017cdym tankowaniu - Vrio\",\"isPartOf\":{\"@id\":\"https:\\\/\\\/vrioeurope.com\\\/pl\\\/#website\"},\"primaryImageOfPage\":{\"@id\":\"https:\\\/\\\/vrioeurope.com\\\/pl\\\/zaoszczedz-przy-kazdym-tankowaniu-3\\\/#primaryimage\"},\"image\":{\"@id\":\"https:\\\/\\\/vrioeurope.com\\\/pl\\\/zaoszczedz-przy-kazdym-tankowaniu-3\\\/#primaryimage\"},\"thumbnailUrl\":\"https:\\\/\\\/vrioeurope.com\\\/wp-content\\\/uploads\\\/2024\\\/11\\\/dst-blackfriday.webp\",\"datePublished\":\"2025-04-16T10:53:35+00:00\",\"breadcrumb\":{\"@id\":\"https:\\\/\\\/vrioeurope.com\\\/pl\\\/zaoszczedz-przy-kazdym-tankowaniu-3\\\/#breadcrumb\"},\"inLanguage\":\"pl-PL\",\"potentialAction\":[{\"@type\":\"ReadAction\",\"target\":[\"https:\\\/\\\/vrioeurope.com\\\/pl\\\/zaoszczedz-przy-kazdym-tankowaniu-3\\\/\"]}]},{\"@type\":\"ImageObject\",\"inLanguage\":\"pl-PL\",\"@id\":\"https:\\\/\\\/vrioeurope.com\\\/pl\\\/zaoszczedz-przy-kazdym-tankowaniu-3\\\/#primaryimage\",\"url\":\"https:\\\/\\\/vrioeurope.com\\\/wp-content\\\/uploads\\\/2024\\\/11\\\/dst-blackfriday.webp\",\"contentUrl\":\"https:\\\/\\\/vrioeurope.com\\\/wp-content\\\/uploads\\\/2024\\\/11\\\/dst-blackfriday.webp\",\"width\":700,\"height\":450},{\"@type\":\"BreadcrumbList\",\"@id\":\"https:\\\/\\\/vrioeurope.com\\\/pl\\\/zaoszczedz-przy-kazdym-tankowaniu-3\\\/#breadcrumb\",\"itemListElement\":[{\"@type\":\"ListItem\",\"position\":1,\"name\":\"Portada\",\"item\":\"https:\\\/\\\/vrioeurope.com\\\/pl\\\/\"},{\"@type\":\"ListItem\",\"position\":2,\"name\":\"Zaoszcz\u0119d\u017a przy ka\u017cdym tankowaniu\"}]},{\"@type\":\"WebSite\",\"@id\":\"https:\\\/\\\/vrioeurope.com\\\/pl\\\/#website\",\"url\":\"https:\\\/\\\/vrioeurope.com\\\/pl\\\/\",\"name\":\"Vrio\",\"description\":\"Tu partner de movilidad\",\"potentialAction\":[{\"@type\":\"SearchAction\",\"target\":{\"@type\":\"EntryPoint\",\"urlTemplate\":\"https:\\\/\\\/vrioeurope.com\\\/pl\\\/?s={search_term_string}\"},\"query-input\":{\"@type\":\"PropertyValueSpecification\",\"valueRequired\":true,\"valueName\":\"search_term_string\"}}],\"inLanguage\":\"pl-PL\"}]}<\/script>\n<!-- \/ Yoast SEO plugin. -->","yoast_head_json":{"title":"Zaoszcz\u0119d\u017a przy ka\u017cdym tankowaniu - Vrio","robots":{"index":"index","follow":"follow","max-snippet":"max-snippet:-1","max-image-preview":"max-image-preview:large","max-video-preview":"max-video-preview:-1"},"canonical":"https:\/\/vrioeurope.com\/pl\/zaoszczedz-przy-kazdym-tankowaniu-3\/","og_locale":"pl_PL","og_type":"article","og_title":"Zaoszcz\u0119d\u017a przy ka\u017cdym tankowaniu - Vrio","og_url":"https:\/\/vrioeurope.com\/pl\/zaoszczedz-przy-kazdym-tankowaniu-3\/","og_site_name":"Vrio","og_image":[{"width":700,"height":450,"url":"https:\/\/vrioeurope.com\/wp-content\/uploads\/2024\/11\/dst-blackfriday.webp","type":"image\/webp"}],"twitter_card":"summary_large_image","twitter_misc":{"Szacowany czas czytania":"1 minuta"},"schema":{"@context":"https:\/\/schema.org","@graph":[{"@type":"WebPage","@id":"https:\/\/vrioeurope.com\/pl\/zaoszczedz-przy-kazdym-tankowaniu-3\/","url":"https:\/\/vrioeurope.com\/pl\/zaoszczedz-przy-kazdym-tankowaniu-3\/","name":"Zaoszcz\u0119d\u017a przy ka\u017cdym tankowaniu - Vrio","isPartOf":{"@id":"https:\/\/vrioeurope.com\/pl\/#website"},"primaryImageOfPage":{"@id":"https:\/\/vrioeurope.com\/pl\/zaoszczedz-przy-kazdym-tankowaniu-3\/#primaryimage"},"image":{"@id":"https:\/\/vrioeurope.com\/pl\/zaoszczedz-przy-kazdym-tankowaniu-3\/#primaryimage"},"thumbnailUrl":"https:\/\/vrioeurope.com\/wp-content\/uploads\/2024\/11\/dst-blackfriday.webp","datePublished":"2025-04-16T10:53:35+00:00","breadcrumb":{"@id":"https:\/\/vrioeurope.com\/pl\/zaoszczedz-przy-kazdym-tankowaniu-3\/#breadcrumb"},"inLanguage":"pl-PL","potentialAction":[{"@type":"ReadAction","target":["https:\/\/vrioeurope.com\/pl\/zaoszczedz-przy-kazdym-tankowaniu-3\/"]}]},{"@type":"ImageObject","inLanguage":"pl-PL","@id":"https:\/\/vrioeurope.com\/pl\/zaoszczedz-przy-kazdym-tankowaniu-3\/#primaryimage","url":"https:\/\/vrioeurope.com\/wp-content\/uploads\/2024\/11\/dst-blackfriday.webp","contentUrl":"https:\/\/vrioeurope.com\/wp-content\/uploads\/2024\/11\/dst-blackfriday.webp","width":700,"height":450},{"@type":"BreadcrumbList","@id":"https:\/\/vrioeurope.com\/pl\/zaoszczedz-przy-kazdym-tankowaniu-3\/#breadcrumb","itemListElement":[{"@type":"ListItem","position":1,"name":"Portada","item":"https:\/\/vrioeurope.com\/pl\/"},{"@type":"ListItem","position":2,"name":"Zaoszcz\u0119d\u017a przy ka\u017cdym tankowaniu"}]},{"@type":"WebSite","@id":"https:\/\/vrioeurope.com\/pl\/#website","url":"https:\/\/vrioeurope.com\/pl\/","name":"Vrio","description":"Tu partner de movilidad","potentialAction":[{"@type":"SearchAction","target":{"@type":"EntryPoint","urlTemplate":"https:\/\/vrioeurope.com\/pl\/?s={search_term_string}"},"query-input":{"@type":"PropertyValueSpecification","valueRequired":true,"valueName":"search_term_string"}}],"inLanguage":"pl-PL"}]}},"_links":{"self":[{"href":"https:\/\/vrioeurope.com\/pl\/wp-json\/wp\/v2\/pages\/45635","targetHints":{"allow":["GET"]}}],"collection":[{"href":"https:\/\/vrioeurope.com\/pl\/wp-json\/wp\/v2\/pages"}],"about":[{"href":"https:\/\/vrioeurope.com\/pl\/wp-json\/wp\/v2\/types\/page"}],"author":[{"embeddable":true,"href":"https:\/\/vrioeurope.com\/pl\/wp-json\/wp\/v2\/users\/7"}],"replies":[{"embeddable":true,"href":"https:\/\/vrioeurope.com\/pl\/wp-json\/wp\/v2\/comments?post=45635"}],"version-history":[{"count":2,"href":"https:\/\/vrioeurope.com\/pl\/wp-json\/wp\/v2\/pages\/45635\/revisions"}],"predecessor-version":[{"id":55797,"href":"https:\/\/vrioeurope.com\/pl\/wp-json\/wp\/v2\/pages\/45635\/revisions\/55797"}],"wp:featuredmedia":[{"embeddable":true,"href":"https:\/\/vrioeurope.com\/pl\/wp-json\/wp\/v2\/media\/45943"}],"wp:attachment":[{"href":"https:\/\/vrioeurope.com\/pl\/wp-json\/wp\/v2\/media?parent=45635"}],"curies":[{"name":"wp","href":"https:\/\/api.w.org\/{rel}","templated":true}]}}